{"id":1725,"date":"2014-04-30T10:11:34","date_gmt":"2014-04-30T09:11:34","guid":{"rendered":"http:\/\/bonpasteur-hostellerie.org\/chambre-d-hotes-angers-2\/"},"modified":"2021-06-18T12:21:52","modified_gmt":"2021-06-18T11:21:52","slug":"chambre-d-hotes-angers","status":"publish","type":"page","link":"https:\/\/bonpasteur-hostellerie.org\/en\/chambre-d-hotes-angers\/","title":{"rendered":"THE BEDROOMS"},"content":{"rendered":"<pre style=\"text-align: justify;\"><\/pre>\n<p style=\"text-align: justify;\">Whether you come alone or in groups, we invite you to re-charge your batteries in a place that is unique thanks to its environment and location. In a warm, international atmosphere, you will find calm and comfort be it for a stay as a tourist, a professional stay or a time of personal reflection.<\/p>\n<p>Our <strong>92 bedrooms<\/strong> are all <strong>en-suite<\/strong>, <strong>bed linen and towels are provided<\/strong>.\u00a0 All floors can be reached by <strong>elevator<\/strong>.\u00a0 High speed WIFI connection.\u00a0 Private Parking.<\/p>\n<pre><span lang=\"EN-GB\"><span style=\"color: #000000; font-family: Calibri; font-size: medium;\"><span style=\"color: #333333;\">There are available:<\/span>\r\n\r\n<\/span><\/span><\/pre>\n<ul>\n<li><span style=\"color: #000080;\"><span style=\"text-decoration: underline; color: #ff9900;\"><a style=\"color: #ff9900; text-decoration: underline;\" title=\"Chambre double\" href=\"https:\/\/bonpasteur-hostellerie.org\/chambre-d-hotel-angers\/double\/\"><strong><span style=\"color: #ff99cc; text-decoration: underline;\">Chambres CONFORT<\/span><\/strong><\/a><\/span><span style=\"color: #ff99cc;\">\u00a0<\/span> :<\/span><span style=\"color: #000000;\"> \u00a0SINGLE, TWIN ET DOUBLE<\/span><\/li>\n<li><span style=\"color: #3366ff;\"><a style=\"color: #3366ff;\" href=\"https:\/\/bonpasteur-hostellerie.org\/chambre-d-hotel-angers\/chambres-superieures-doubles\/\"><strong>Chambre\u00a0 SUP\u00c9RIEURE\u00a0\u00a0<\/strong><\/a> <\/span>:\u00a0 \u00a0<span style=\"color: #000000;\">DOUBLE ET TWIN<\/span><\/li>\n<li><span style=\"color: #800000;\"><span style=\"color: #9e0303;\"><strong><a style=\"color: #9e0303;\" href=\"https:\/\/bonpasteur-hostellerie.org\/chambre-d-hotel-angers\/chambres-individuelles\/\"><span style=\"color: #c90202;\">Chambres PREMIUM<\/span><\/a> <\/strong><\/span>: <span style=\"color: #000000;\">TWIN, TRIPLE (6 rooms accessible to wheelchairs), Quadruple (4 adults) and Quintuple (2 adults and 3 children).<\/span><\/span><\/li>\n<\/ul>\n<!-- AddThis Advanced Settings generic via filter on the_content -->","protected":false},"excerpt":{"rendered":"<p>Whether you come alone or in groups, we invite you to re-charge your batteries in a place that is unique thanks to its environment and location. In a warm, [&hellip;]<!-- AddThis Advanced Settings generic via filter on get_the_excerpt --><\/p>\n","protected":false},"author":2,"featured_media":0,"parent":0,"menu_order":0,"comment_status":"closed","ping_status":"closed","template":"","meta":{"_acf_changed":false,"footnotes":""},"class_list":["post-1725","page","type-page","status-publish","hentry"],"acf":[],"yoast_head":"<!-- This site is optimized with the Yoast SEO plugin v23.2 - https:\/\/yoast.com\/wordpress\/plugins\/seo\/ -->\n<title>L&#039;hostellerie Bon Pasteur : les chambre d&#039;h\u00f4tes<\/title>\n<meta name=\"description\" content=\"D\u00e9couvrez les solutions d&#039;h\u00e9bergement de l&#039;hostellerie Bon Pasteur \u00e0 Angers. R\u00e9servez votre chambre pour la dur\u00e9e et et le nombre de personnes qui vous convient.\" \/>\n<meta name=\"robots\" content=\"index, follow, max-snippet:-1, max-image-preview:large, max-video-preview:-1\" \/>\n<link rel=\"canonical\" href=\"https:\/\/bonpasteur-hostellerie.org\/en\/chambre-d-hotes-angers\/\" \/>\n<meta property=\"og:locale\" content=\"en_US\" \/>\n<meta property=\"og:type\" content=\"article\" \/>\n<meta property=\"og:title\" content=\"L&#039;hostellerie Bon Pasteur : les chambre d&#039;h\u00f4tes\" \/>\n<meta property=\"og:description\" content=\"D\u00e9couvrez les solutions d&#039;h\u00e9bergement de l&#039;hostellerie Bon Pasteur \u00e0 Angers. R\u00e9servez votre chambre pour la dur\u00e9e et et le nombre de personnes qui vous convient.\" \/>\n<meta property=\"og:url\" content=\"https:\/\/bonpasteur-hostellerie.org\/en\/chambre-d-hotes-angers\/\" \/>\n<meta property=\"article:publisher\" content=\"https:\/\/fr-fr.facebook.com\/hostellerie.bonpasteur.angers\/\" \/>\n<meta property=\"article:modified_time\" content=\"2021-06-18T11:21:52+00:00\" \/>\n<meta name=\"twitter:card\" content=\"summary_large_image\" \/>\n<meta name=\"twitter:label1\" content=\"Est. reading time\" \/>\n\t<meta name=\"twitter:data1\" content=\"1 minute\" \/>\n<script type=\"application\/ld+json\" class=\"yoast-schema-graph\">{\"@context\":\"https:\/\/schema.org\",\"@graph\":[{\"@type\":\"WebPage\",\"@id\":\"https:\/\/bonpasteur-hostellerie.org\/en\/chambre-d-hotes-angers\/\",\"url\":\"https:\/\/bonpasteur-hostellerie.org\/en\/chambre-d-hotes-angers\/\",\"name\":\"L'hostellerie Bon Pasteur : les chambre d'h\u00f4tes\",\"isPartOf\":{\"@id\":\"https:\/\/bonpasteur-hostellerie.org\/#website\"},\"datePublished\":\"2014-04-30T09:11:34+00:00\",\"dateModified\":\"2021-06-18T11:21:52+00:00\",\"description\":\"D\u00e9couvrez les solutions d'h\u00e9bergement de l'hostellerie Bon Pasteur \u00e0 Angers. R\u00e9servez votre chambre pour la dur\u00e9e et et le nombre de personnes qui vous convient.\",\"breadcrumb\":{\"@id\":\"https:\/\/bonpasteur-hostellerie.org\/en\/chambre-d-hotes-angers\/#breadcrumb\"},\"inLanguage\":\"en-US\",\"potentialAction\":[{\"@type\":\"ReadAction\",\"target\":[\"https:\/\/bonpasteur-hostellerie.org\/en\/chambre-d-hotes-angers\/\"]}]},{\"@type\":\"BreadcrumbList\",\"@id\":\"https:\/\/bonpasteur-hostellerie.org\/en\/chambre-d-hotes-angers\/#breadcrumb\",\"itemListElement\":[{\"@type\":\"ListItem\",\"position\":1,\"name\":\"Accueil\",\"item\":\"https:\/\/bonpasteur-hostellerie.org\/en\/\"},{\"@type\":\"ListItem\",\"position\":2,\"name\":\"THE BEDROOMS\"}]},{\"@type\":\"WebSite\",\"@id\":\"https:\/\/bonpasteur-hostellerie.org\/#website\",\"url\":\"https:\/\/bonpasteur-hostellerie.org\/\",\"name\":\"\",\"description\":\"\",\"potentialAction\":[{\"@type\":\"SearchAction\",\"target\":{\"@type\":\"EntryPoint\",\"urlTemplate\":\"https:\/\/bonpasteur-hostellerie.org\/?s={search_term_string}\"},\"query-input\":\"required name=search_term_string\"}],\"inLanguage\":\"en-US\"}]}<\/script>\n<!-- \/ Yoast SEO plugin. -->","yoast_head_json":{"title":"L'hostellerie Bon Pasteur : les chambre d'h\u00f4tes","description":"D\u00e9couvrez les solutions d'h\u00e9bergement de l'hostellerie Bon Pasteur \u00e0 Angers. R\u00e9servez votre chambre pour la dur\u00e9e et et le nombre de personnes qui vous convient.","robots":{"index":"index","follow":"follow","max-snippet":"max-snippet:-1","max-image-preview":"max-image-preview:large","max-video-preview":"max-video-preview:-1"},"canonical":"https:\/\/bonpasteur-hostellerie.org\/en\/chambre-d-hotes-angers\/","og_locale":"en_US","og_type":"article","og_title":"L'hostellerie Bon Pasteur : les chambre d'h\u00f4tes","og_description":"D\u00e9couvrez les solutions d'h\u00e9bergement de l'hostellerie Bon Pasteur \u00e0 Angers. R\u00e9servez votre chambre pour la dur\u00e9e et et le nombre de personnes qui vous convient.","og_url":"https:\/\/bonpasteur-hostellerie.org\/en\/chambre-d-hotes-angers\/","article_publisher":"https:\/\/fr-fr.facebook.com\/hostellerie.bonpasteur.angers\/","article_modified_time":"2021-06-18T11:21:52+00:00","twitter_card":"summary_large_image","twitter_misc":{"Est. reading time":"1 minute"},"schema":{"@context":"https:\/\/schema.org","@graph":[{"@type":"WebPage","@id":"https:\/\/bonpasteur-hostellerie.org\/en\/chambre-d-hotes-angers\/","url":"https:\/\/bonpasteur-hostellerie.org\/en\/chambre-d-hotes-angers\/","name":"L'hostellerie Bon Pasteur : les chambre d'h\u00f4tes","isPartOf":{"@id":"https:\/\/bonpasteur-hostellerie.org\/#website"},"datePublished":"2014-04-30T09:11:34+00:00","dateModified":"2021-06-18T11:21:52+00:00","description":"D\u00e9couvrez les solutions d'h\u00e9bergement de l'hostellerie Bon Pasteur \u00e0 Angers. R\u00e9servez votre chambre pour la dur\u00e9e et et le nombre de personnes qui vous convient.","breadcrumb":{"@id":"https:\/\/bonpasteur-hostellerie.org\/en\/chambre-d-hotes-angers\/#breadcrumb"},"inLanguage":"en-US","potentialAction":[{"@type":"ReadAction","target":["https:\/\/bonpasteur-hostellerie.org\/en\/chambre-d-hotes-angers\/"]}]},{"@type":"BreadcrumbList","@id":"https:\/\/bonpasteur-hostellerie.org\/en\/chambre-d-hotes-angers\/#breadcrumb","itemListElement":[{"@type":"ListItem","position":1,"name":"Accueil","item":"https:\/\/bonpasteur-hostellerie.org\/en\/"},{"@type":"ListItem","position":2,"name":"THE BEDROOMS"}]},{"@type":"WebSite","@id":"https:\/\/bonpasteur-hostellerie.org\/#website","url":"https:\/\/bonpasteur-hostellerie.org\/","name":"","description":"","potentialAction":[{"@type":"SearchAction","target":{"@type":"EntryPoint","urlTemplate":"https:\/\/bonpasteur-hostellerie.org\/?s={search_term_string}"},"query-input":"required name=search_term_string"}],"inLanguage":"en-US"}]}},"_links":{"self":[{"href":"https:\/\/bonpasteur-hostellerie.org\/en\/wp-json\/wp\/v2\/pages\/1725"}],"collection":[{"href":"https:\/\/bonpasteur-hostellerie.org\/en\/wp-json\/wp\/v2\/pages"}],"about":[{"href":"https:\/\/bonpasteur-hostellerie.org\/en\/wp-json\/wp\/v2\/types\/page"}],"author":[{"embeddable":true,"href":"https:\/\/bonpasteur-hostellerie.org\/en\/wp-json\/wp\/v2\/users\/2"}],"replies":[{"embeddable":true,"href":"https:\/\/bonpasteur-hostellerie.org\/en\/wp-json\/wp\/v2\/comments?post=1725"}],"version-history":[{"count":5,"href":"https:\/\/bonpasteur-hostellerie.org\/en\/wp-json\/wp\/v2\/pages\/1725\/revisions"}],"predecessor-version":[{"id":3806,"href":"https:\/\/bonpasteur-hostellerie.org\/en\/wp-json\/wp\/v2\/pages\/1725\/revisions\/3806"}],"wp:attachment":[{"href":"https:\/\/bonpasteur-hostellerie.org\/en\/wp-json\/wp\/v2\/media?parent=1725"}],"curies":[{"name":"wp","href":"https:\/\/api.w.org\/{rel}","templated":true}]}}