{"id":1750,"date":"2014-04-30T10:24:00","date_gmt":"2014-04-30T09:24:00","guid":{"rendered":"http:\/\/bonpasteur-hostellerie.org\/maison-bon-pasteur-angers\/la-congregation\/"},"modified":"2017-02-24T16:03:01","modified_gmt":"2017-02-24T15:03:01","slug":"la-congregation","status":"publish","type":"page","link":"https:\/\/bonpasteur-hostellerie.org\/en\/maison-bon-pasteur-angers-2\/la-congregation\/","title":{"rendered":"The Congregation"},"content":{"rendered":"<h3><strong><strong>An international catholic Congregation <\/strong><\/strong><\/h3>\n<p>The Congregation of our Lady of Charity of the Good Shepherd known as the Congregation of the Good Shepherd, nowadays has around 3500 sisters and 15 000 mission partners in 70 countries on all five continents. Sisters and mission partners help women and children in difficulties and work for greater social and economic justice, more specifically for the defence of women\u2019s rights. In this respect, the Congregation is recognized as an <strong><strong>NGO<\/strong><\/strong> with consultative status at the <strong><strong>UN<\/strong><\/strong>.<\/p>\n<p>&nbsp;<\/p>\n<!-- AddThis Advanced Settings generic via filter on the_content -->","protected":false},"excerpt":{"rendered":"<p>An international catholic Congregation The Congregation of our Lady of Charity of the Good Shepherd known as the Congregation of the Good Shepherd, nowadays has around 3500 sisters and [&hellip;]<!-- AddThis Advanced Settings generic via filter on get_the_excerpt --><\/p>\n","protected":false},"author":2,"featured_media":0,"parent":813,"menu_order":0,"comment_status":"closed","ping_status":"closed","template":"","meta":{"_acf_changed":false,"footnotes":""},"class_list":["post-1750","page","type-page","status-publish","hentry"],"acf":[],"yoast_head":"<!-- This site is optimized with the Yoast SEO plugin v23.2 - https:\/\/yoast.com\/wordpress\/plugins\/seo\/ -->\n<title>La congr\u00e9gation Bon Pasteur \u00e0 Angers<\/title>\n<meta name=\"description\" content=\"D\u00e9couvrez la congr\u00e9gation Bon Pasteur \u00e0 Angers. Un foyer au service d&#039;autrui et un lieu de retraite pour tous dans l&#039;Ouest de la France.\" \/>\n<meta name=\"robots\" content=\"index, follow, max-snippet:-1, max-image-preview:large, max-video-preview:-1\" \/>\n<link rel=\"canonical\" href=\"https:\/\/bonpasteur-hostellerie.org\/en\/maison-bon-pasteur-angers-2\/la-congregation\/\" \/>\n<meta property=\"og:locale\" content=\"en_US\" \/>\n<meta property=\"og:type\" content=\"article\" \/>\n<meta property=\"og:title\" content=\"La congr\u00e9gation Bon Pasteur \u00e0 Angers\" \/>\n<meta property=\"og:description\" content=\"D\u00e9couvrez la congr\u00e9gation Bon Pasteur \u00e0 Angers. Un foyer au service d&#039;autrui et un lieu de retraite pour tous dans l&#039;Ouest de la France.\" \/>\n<meta property=\"og:url\" content=\"https:\/\/bonpasteur-hostellerie.org\/en\/maison-bon-pasteur-angers-2\/la-congregation\/\" \/>\n<meta property=\"article:publisher\" content=\"https:\/\/fr-fr.facebook.com\/hostellerie.bonpasteur.angers\/\" \/>\n<meta property=\"article:modified_time\" content=\"2017-02-24T15:03:01+00:00\" \/>\n<meta name=\"twitter:card\" content=\"summary_large_image\" \/>\n<script type=\"application\/ld+json\" class=\"yoast-schema-graph\">{\"@context\":\"https:\/\/schema.org\",\"@graph\":[{\"@type\":\"WebPage\",\"@id\":\"https:\/\/bonpasteur-hostellerie.org\/en\/maison-bon-pasteur-angers-2\/la-congregation\/\",\"url\":\"https:\/\/bonpasteur-hostellerie.org\/en\/maison-bon-pasteur-angers-2\/la-congregation\/\",\"name\":\"La congr\u00e9gation Bon Pasteur \u00e0 Angers\",\"isPartOf\":{\"@id\":\"https:\/\/bonpasteur-hostellerie.org\/#website\"},\"datePublished\":\"2014-04-30T09:24:00+00:00\",\"dateModified\":\"2017-02-24T15:03:01+00:00\",\"description\":\"D\u00e9couvrez la congr\u00e9gation Bon Pasteur \u00e0 Angers. Un foyer au service d'autrui et un lieu de retraite pour tous dans l'Ouest de la France.\",\"breadcrumb\":{\"@id\":\"https:\/\/bonpasteur-hostellerie.org\/en\/maison-bon-pasteur-angers-2\/la-congregation\/#breadcrumb\"},\"inLanguage\":\"en-US\",\"potentialAction\":[{\"@type\":\"ReadAction\",\"target\":[\"https:\/\/bonpasteur-hostellerie.org\/en\/maison-bon-pasteur-angers-2\/la-congregation\/\"]}]},{\"@type\":\"BreadcrumbList\",\"@id\":\"https:\/\/bonpasteur-hostellerie.org\/en\/maison-bon-pasteur-angers-2\/la-congregation\/#breadcrumb\",\"itemListElement\":[{\"@type\":\"ListItem\",\"position\":1,\"name\":\"Accueil\",\"item\":\"https:\/\/bonpasteur-hostellerie.org\/en\/\"},{\"@type\":\"ListItem\",\"position\":2,\"name\":\"THE MOTHER HOUSE\",\"item\":\"https:\/\/bonpasteur-hostellerie.org\/en\/maison-bon-pasteur-angers-2\/\"},{\"@type\":\"ListItem\",\"position\":3,\"name\":\"The Congregation\"}]},{\"@type\":\"WebSite\",\"@id\":\"https:\/\/bonpasteur-hostellerie.org\/#website\",\"url\":\"https:\/\/bonpasteur-hostellerie.org\/\",\"name\":\"\",\"description\":\"\",\"potentialAction\":[{\"@type\":\"SearchAction\",\"target\":{\"@type\":\"EntryPoint\",\"urlTemplate\":\"https:\/\/bonpasteur-hostellerie.org\/?s={search_term_string}\"},\"query-input\":\"required name=search_term_string\"}],\"inLanguage\":\"en-US\"}]}<\/script>\n<!-- \/ Yoast SEO plugin. -->","yoast_head_json":{"title":"La congr\u00e9gation Bon Pasteur \u00e0 Angers","description":"D\u00e9couvrez la congr\u00e9gation Bon Pasteur \u00e0 Angers. Un foyer au service d'autrui et un lieu de retraite pour tous dans l'Ouest de la France.","robots":{"index":"index","follow":"follow","max-snippet":"max-snippet:-1","max-image-preview":"max-image-preview:large","max-video-preview":"max-video-preview:-1"},"canonical":"https:\/\/bonpasteur-hostellerie.org\/en\/maison-bon-pasteur-angers-2\/la-congregation\/","og_locale":"en_US","og_type":"article","og_title":"La congr\u00e9gation Bon Pasteur \u00e0 Angers","og_description":"D\u00e9couvrez la congr\u00e9gation Bon Pasteur \u00e0 Angers. Un foyer au service d'autrui et un lieu de retraite pour tous dans l'Ouest de la France.","og_url":"https:\/\/bonpasteur-hostellerie.org\/en\/maison-bon-pasteur-angers-2\/la-congregation\/","article_publisher":"https:\/\/fr-fr.facebook.com\/hostellerie.bonpasteur.angers\/","article_modified_time":"2017-02-24T15:03:01+00:00","twitter_card":"summary_large_image","schema":{"@context":"https:\/\/schema.org","@graph":[{"@type":"WebPage","@id":"https:\/\/bonpasteur-hostellerie.org\/en\/maison-bon-pasteur-angers-2\/la-congregation\/","url":"https:\/\/bonpasteur-hostellerie.org\/en\/maison-bon-pasteur-angers-2\/la-congregation\/","name":"La congr\u00e9gation Bon Pasteur \u00e0 Angers","isPartOf":{"@id":"https:\/\/bonpasteur-hostellerie.org\/#website"},"datePublished":"2014-04-30T09:24:00+00:00","dateModified":"2017-02-24T15:03:01+00:00","description":"D\u00e9couvrez la congr\u00e9gation Bon Pasteur \u00e0 Angers. Un foyer au service d'autrui et un lieu de retraite pour tous dans l'Ouest de la France.","breadcrumb":{"@id":"https:\/\/bonpasteur-hostellerie.org\/en\/maison-bon-pasteur-angers-2\/la-congregation\/#breadcrumb"},"inLanguage":"en-US","potentialAction":[{"@type":"ReadAction","target":["https:\/\/bonpasteur-hostellerie.org\/en\/maison-bon-pasteur-angers-2\/la-congregation\/"]}]},{"@type":"BreadcrumbList","@id":"https:\/\/bonpasteur-hostellerie.org\/en\/maison-bon-pasteur-angers-2\/la-congregation\/#breadcrumb","itemListElement":[{"@type":"ListItem","position":1,"name":"Accueil","item":"https:\/\/bonpasteur-hostellerie.org\/en\/"},{"@type":"ListItem","position":2,"name":"THE MOTHER HOUSE","item":"https:\/\/bonpasteur-hostellerie.org\/en\/maison-bon-pasteur-angers-2\/"},{"@type":"ListItem","position":3,"name":"The Congregation"}]},{"@type":"WebSite","@id":"https:\/\/bonpasteur-hostellerie.org\/#website","url":"https:\/\/bonpasteur-hostellerie.org\/","name":"","description":"","potentialAction":[{"@type":"SearchAction","target":{"@type":"EntryPoint","urlTemplate":"https:\/\/bonpasteur-hostellerie.org\/?s={search_term_string}"},"query-input":"required name=search_term_string"}],"inLanguage":"en-US"}]}},"_links":{"self":[{"href":"https:\/\/bonpasteur-hostellerie.org\/en\/wp-json\/wp\/v2\/pages\/1750"}],"collection":[{"href":"https:\/\/bonpasteur-hostellerie.org\/en\/wp-json\/wp\/v2\/pages"}],"about":[{"href":"https:\/\/bonpasteur-hostellerie.org\/en\/wp-json\/wp\/v2\/types\/page"}],"author":[{"embeddable":true,"href":"https:\/\/bonpasteur-hostellerie.org\/en\/wp-json\/wp\/v2\/users\/2"}],"replies":[{"embeddable":true,"href":"https:\/\/bonpasteur-hostellerie.org\/en\/wp-json\/wp\/v2\/comments?post=1750"}],"version-history":[{"count":2,"href":"https:\/\/bonpasteur-hostellerie.org\/en\/wp-json\/wp\/v2\/pages\/1750\/revisions"}],"predecessor-version":[{"id":2352,"href":"https:\/\/bonpasteur-hostellerie.org\/en\/wp-json\/wp\/v2\/pages\/1750\/revisions\/2352"}],"up":[{"embeddable":true,"href":"https:\/\/bonpasteur-hostellerie.org\/en\/wp-json\/wp\/v2\/pages\/813"}],"wp:attachment":[{"href":"https:\/\/bonpasteur-hostellerie.org\/en\/wp-json\/wp\/v2\/media?parent=1750"}],"curies":[{"name":"wp","href":"https:\/\/api.w.org\/{rel}","templated":true}]}}