{"id":2370,"date":"2014-04-30T10:25:09","date_gmt":"2014-04-30T09:25:09","guid":{"rendered":"http:\/\/bonpasteur-hostellerie.org\/?page_id=2370"},"modified":"2022-05-04T10:04:32","modified_gmt":"2022-05-04T09:04:32","slug":"lieux-de-retraite","status":"publish","type":"page","link":"https:\/\/bonpasteur-hostellerie.org\/en\/maison-bon-pasteur-angers-2\/lieux-de-retraite\/","title":{"rendered":"Lieux d&#8217;int\u00e9r\u00eats"},"content":{"rendered":"<h3><strong>La Chapelle<\/strong><\/h3>\n<p><a href=\"http:\/\/bonpasteur-hostellerie.org\/wp-content\/uploads\/2017\/02\/Chapelle.jpg\"><img loading=\"lazy\" decoding=\"async\" class=\"alignnone size-medium wp-image-2404\" src=\"https:\/\/bonpasteur-hostellerie.org\/wp-content\/uploads\/2017\/02\/Chapelle-300x131.jpg\" alt=\"Chapelle\" width=\"300\" height=\"131\" srcset=\"https:\/\/bonpasteur-hostellerie.org\/wp-content\/uploads\/2017\/02\/Chapelle-300x131.jpg 300w, https:\/\/bonpasteur-hostellerie.org\/wp-content\/uploads\/2017\/02\/Chapelle.jpg 900w\" sizes=\"(max-width: 300px) 100vw, 300px\" \/><\/a><\/p>\n<p style=\"text-align: justify;\">La premi\u00e8re chapelle a \u00e9t\u00e9 construite en 1832.\u00a0 Elle a ensuite \u00e9t\u00e9 retravaill\u00e9e en 1857 en style romain et peinte. Toujours visible aujourd\u2019hui, des traces de peintures y subsistent.<\/p>\n<p style=\"text-align: justify;\">Le ch\u0153ur des s\u0153urs a \u00e9t\u00e9 transform\u00e9 en 1945 puis\u00a0r\u00e9nov\u00e9 entre 1958 et 1960. Les stalles, install\u00e9es \u00e9galement \u00e0 cette p\u00e9riode, rappellent celles qu\u2019on trouve encore dans certains monast\u00e8res.\u00a0Le vitrail\u00a0date de 1969 et est l\u2019\u0153uvre de l\u2019artiste Jean Coquet (1907-1991) qui a \u00e9t\u00e9 le directeur des Beaux-Arts de Lyon. Il repr\u00e9sente le th\u00e8me de la R\u00e9demption, c\u2019est-\u00e0-dire l\u2019amour du Christ qui donne sa vie pour sauver les hommes.<\/p>\n<p style=\"text-align: justify;\">Le reliquaire de sainte Marie-Euphrasie Pelletier se trouve aujourd\u2019hui pr\u00e8s de la chapelle d\u2019origine\u00a0 Il a \u00e9t\u00e9 r\u00e9alis\u00e9 apr\u00e8s sa canonisation en 1940. Ses traits et sa taille sont repr\u00e9sent\u00e9s \u00e0 l\u2019identique, en cire, et elle porte l\u2019habit et le pompon bleu caract\u00e9ristiques de la congr\u00e9gation de Notre-Dame de Charit\u00e9 du Bon Pasteur. \u00c0 l\u2019int\u00e9rieur se trouve une partie de ses reliques.<\/p>\n<p>&nbsp;<\/p>\n<h3><strong>L\u2019Oratoire<\/strong><\/h3>\n<p style=\"text-align: justify;\">Dans cette pi\u00e8ce, sainte Marie-Euphrasie Pelletier a v\u00e9cu et travaill\u00e9 pendant une trentaine d\u2019ann\u00e9es. Elle y est d\u00e9c\u00e9d\u00e9e le 24 avril 1868 \u00e0 72 ans.\u00a0Sa chambre et son bureau ont \u00e9t\u00e9 laiss\u00e9s en l\u2019\u00e9tat et conserv\u00e9s pr\u00e9cieusement par les s\u0153urs. En 1942, deux ans apr\u00e8s sa canonisation, son bureau a \u00e9t\u00e9 \u00e9rig\u00e9 en oratoire. Il a ensuite \u00e9t\u00e9 r\u00e9nov\u00e9 en 1953 puis en 1977. On trouve dans ces deux pi\u00e8ces des objets lui ayant appartenu, dont son habit et ses chaussures, ainsi que son portrait \u00e0 29 ans lorsqu\u2019elle \u00e9tait sup\u00e9rieure \u00e0 Tours. Une partie des casiers qu\u2019elle avait fait installer pour ranger la volumineuse correspondance qu\u2019elle recevait des maisons du monde entier existe toujours.<\/p>\n<p style=\"text-align: justify;\">Depuis 1953, la m\u00eame lampe du Saint Sacrement br\u00fble, semaine apr\u00e8s semaine, aux intentions de chacune des provinces de la congr\u00e9gation.<\/p>\n<p><iframe loading=\"lazy\" id=\"360images_chambre\" src=\"http:\/\/www.360images.fr\/360\/iframe.html?pano=angerscache\/bp_chambre.xml\" width=\"100%\" height=\"450\" frameborder=\"0\" marginwidth=\"0\" marginheight=\"0\" scrolling=\"no\" allowfullscreen=\"allowfullscreen\"> <\/iframe><\/p>\n<p><iframe loading=\"lazy\" id=\"360images_oratoire\" src=\"http:\/\/www.360images.fr\/360\/iframe.html?pano=angerscache\/bp_chambre.xml\" width=\"100%\" height=\"450\" frameborder=\"0\" marginwidth=\"0\" marginheight=\"0\" scrolling=\"no\" allowfullscreen=\"allowfullscreen\"> <\/iframe><\/p>\n<p><strong>\u00a0Le jardin du Magnificat<\/strong><\/p>\n<p><a href=\"http:\/\/bonpasteur-hostellerie.org\/wp-content\/uploads\/2017\/02\/9_Magnificat.jpg\"><img loading=\"lazy\" decoding=\"async\" class=\"alignnone size-medium wp-image-2397\" src=\"https:\/\/bonpasteur-hostellerie.org\/wp-content\/uploads\/2017\/02\/9_Magnificat-300x224.jpg\" alt=\"9_Magnificat\" width=\"300\" height=\"224\" srcset=\"https:\/\/bonpasteur-hostellerie.org\/wp-content\/uploads\/2017\/02\/9_Magnificat-300x224.jpg 300w, https:\/\/bonpasteur-hostellerie.org\/wp-content\/uploads\/2017\/02\/9_Magnificat-1024x763.jpg 1024w, https:\/\/bonpasteur-hostellerie.org\/wp-content\/uploads\/2017\/02\/9_Magnificat.jpg 2009w\" sizes=\"(max-width: 300px) 100vw, 300px\" \/><\/a><\/p>\n<p style=\"text-align: justify;\">Ce monument \u00e9rig\u00e9 \u00e0 l\u2019emplacement du premier bureau de sainte Marie-Euphrasie comm\u00e9more un \u00e9v\u00e9nement du 15 ao\u00fbt 1834. En ce jour de l\u2019Assomption, pendant le chant du Magnificat, elle eut l\u2019inspiration d\u2019\u00e9crire une lettre au cardinal Odescalchi \u00e0 Rome pour demander l\u2019\u00e9tablissement d\u2019un \u00a0<a href=\"http:\/\/www.buonpastoreint.org\/v4\/fr\/content\/generalate\">G\u00e9n\u00e9ralat<\/a>.<\/p>\n<h3><strong>la Chapelle des tombeaux<\/strong><\/h3>\n<p style=\"text-align: justify;\">Cette petite chapelle d\u00e9di\u00e9e \u00e0 l\u2019Immacul\u00e9e Conception a \u00e9t\u00e9 construite en 1835 gr\u00e2ce \u00e0 la g\u00e9n\u00e9rosit\u00e9 de Madame d&#8217;Andign\u00e9.\u00a0 Elle abrite le tombeau de sainte Marie-Euphrasie. Quatre des sup\u00e9rieures g\u00e9n\u00e9rales qui lui ont succ\u00e9d\u00e9 y sont \u00e9galement inhum\u00e9es\u00a0: Sr Marie-Pierre de Coudenhove (1868-1892), Sr Marie-Marine Verger (1892-1905), Sr Marie-Domitille Larose (1905-1928) et Sr Marie-Ursula Jung (1940-1960).\u00a0 Le chemin de croix en nacre a \u00e9t\u00e9 offert \u00e0 la maison d&#8217;Imola en Italie (pr\u00e8s de Bologne) en 1855 par le Pape Pie IX, alors qu\u2019il \u00e9tait \u00e9v\u00eaque du lieu.<\/p>\n<p style=\"text-align: justify;\"><iframe loading=\"lazy\" id=\"360images_mosole\" src=\"http:\/\/www.360images.fr\/360\/iframe.html?pano=angerscache\/bp_mosole.xml\" width=\"100%\" height=\"450\" frameborder=\"0\" marginwidth=\"0\" marginheight=\"0\" scrolling=\"no\" allowfullscreen=\"allowfullscreen\"> <\/iframe><\/p>\n<p><strong>Le Labyrinthe<\/strong><\/p>\n<p style=\"text-align: justify;\">Inaugur\u00e9 en juin 2012, cet outil spirituel a \u00e9t\u00e9 \u00e9rig\u00e9 sur l\u2019emplacement d\u2019un ancien calvaire. C\u2019est un chemin circulaire que l\u2019on parcourt \u00e0 pied. Il symbolise un voyage int\u00e9rieur, un p\u00e8lerinage. Le circuit du labyrinthe arrive automatiquement au centre de la spirale qui repr\u00e9sente notre propre int\u00e9rieur. C\u2019est donc un labyrinthe pour se retrouver et non pour se perdre. Il est utilis\u00e9 par les s\u0153urs pendant les retraites, les p\u00e8lerinages mais est aussi ouvert \u00e0 un large public \u00a0sur r\u00e9servation\u00a0 pour les groupes.<\/p>\n<p style=\"text-align: justify;\">Le bas-relief du Bon Pasteur qui fait face au labyrinthe \u00e9tait autrefois sur le fronton du b\u00e2timent d\u00e9moli en 1997, le long de l\u2019actuelle rue Marie-Euphrasie Pelletier.<\/p>\n<p><a href=\"http:\/\/www.buonpastoreint.org\/v4\/sites\/buonpastoreint.org.v4\/files\/Exp%C3%A9rience_du_labyrinthe_brochure.pdf\">Brochure<\/a><\/p>\n<h3><strong>Le Tunnel<\/strong><\/h3>\n<p><a href=\"http:\/\/bonpasteur-hostellerie.org\/wp-content\/uploads\/2017\/02\/12_Tunnel_1.jpg\"><img loading=\"lazy\" decoding=\"async\" class=\"alignnone size-medium wp-image-2399\" src=\"https:\/\/bonpasteur-hostellerie.org\/wp-content\/uploads\/2017\/02\/12_Tunnel_1-300x200.jpg\" alt=\"12_Tunnel_1\" width=\"300\" height=\"200\" srcset=\"https:\/\/bonpasteur-hostellerie.org\/wp-content\/uploads\/2017\/02\/12_Tunnel_1-300x200.jpg 300w, https:\/\/bonpasteur-hostellerie.org\/wp-content\/uploads\/2017\/02\/12_Tunnel_1.jpg 750w\" sizes=\"(max-width: 300px) 100vw, 300px\" \/><\/a><\/p>\n<p style=\"text-align: justify;\">Le tunnel fait 55 m\u00e8tres de long et permet de joindre les jardins de la Maison-M\u00e8re \u00e0 l\u2019ancienne abbaye Saint-Nicolas. Achet\u00e9e par Sr Marie-Euphrasie Pelletier en 1854, cette derni\u00e8re \u00e9tait situ\u00e9e en-dehors de la cl\u00f4ture monastique que les s\u0153urs devaient observer.<\/p>\n<p style=\"text-align: justify;\">La construction du tunnel entre mai et ao\u00fbt 1855 a \u00e9t\u00e9 une mani\u00e8re cr\u00e9ative et pratique de contourner la difficult\u00e9 en permettant un acc\u00e8s \u00e0 l\u2019abbaye tout en respectant la r\u00e8gle canonique.<\/p>\n<p style=\"text-align: justify;\">L\u2019abbaye Saint-Nicolas, fond\u00e9e au XIe si\u00e8cle par le comte d\u2019Anjou Foulques Nerra, a longtemps accueilli des femmes et des jeunes plac\u00e9es dans la congr\u00e9gation. Aujourd\u2019hui, elle est en partie occup\u00e9e par l\u2019\u00e9cole de langues \u00ab Mission Langues \u00bb qui forme des religieux et des la\u00efcs au fran\u00e7ais, notamment en vue de missions dans des pays francophones.<\/p>\n<p><a href=\"http:\/\/www.buonpastoreint.org\/v4\/sites\/buonpastoreint.org.v4\/files\/Exp%C3%A9rience_du_Tunnel_brochure.pdf\">Brochure<\/a><\/p>\n<!-- AddThis Advanced Settings generic via filter on the_content -->","protected":false},"excerpt":{"rendered":"<p>La Chapelle La premi\u00e8re chapelle a \u00e9t\u00e9 construite en 1832.\u00a0 Elle a ensuite \u00e9t\u00e9 retravaill\u00e9e en 1857 en style romain et peinte. Toujours visible aujourd\u2019hui, des traces de peintures [&hellip;]<!-- AddThis Advanced Settings generic via filter on get_the_excerpt --><\/p>\n","protected":false},"author":2,"featured_media":0,"parent":813,"menu_order":0,"comment_status":"closed","ping_status":"closed","template":"","meta":{"_acf_changed":false,"footnotes":""},"class_list":["post-2370","page","type-page","status-publish","hentry"],"acf":[],"yoast_head":"<!-- This site is optimized with the Yoast SEO plugin v23.2 - https:\/\/yoast.com\/wordpress\/plugins\/seo\/ -->\n<title>Lieu de pri\u00e8re \u00e0 Angers<\/title>\n<meta name=\"description\" content=\"Profitez d&#039;un lieu de pri\u00e8re calme et adapt\u00e9 au c\u0153ur d&#039;Angers. Ressourcez-vous et partagez des moments uniques dans ce lieu privil\u00e9gi\u00e9.\" \/>\n<meta name=\"robots\" content=\"index, follow, max-snippet:-1, max-image-preview:large, max-video-preview:-1\" \/>\n<link rel=\"canonical\" href=\"https:\/\/bonpasteur-hostellerie.org\/en\/maison-bon-pasteur-angers-2\/lieux-de-retraite\/\" \/>\n<meta property=\"og:locale\" content=\"en_US\" \/>\n<meta property=\"og:type\" content=\"article\" \/>\n<meta property=\"og:title\" content=\"Lieu de pri\u00e8re \u00e0 Angers\" \/>\n<meta property=\"og:description\" content=\"Profitez d&#039;un lieu de pri\u00e8re calme et adapt\u00e9 au c\u0153ur d&#039;Angers. Ressourcez-vous et partagez des moments uniques dans ce lieu privil\u00e9gi\u00e9.\" \/>\n<meta property=\"og:url\" content=\"https:\/\/bonpasteur-hostellerie.org\/en\/maison-bon-pasteur-angers-2\/lieux-de-retraite\/\" \/>\n<meta property=\"article:publisher\" content=\"https:\/\/fr-fr.facebook.com\/hostellerie.bonpasteur.angers\/\" \/>\n<meta property=\"article:modified_time\" content=\"2022-05-04T09:04:32+00:00\" \/>\n<meta property=\"og:image\" content=\"http:\/\/bonpasteur-hostellerie.org\/wp-content\/uploads\/2017\/02\/Chapelle-300x131.jpg\" \/>\n<meta name=\"twitter:card\" content=\"summary_large_image\" \/>\n<meta name=\"twitter:label1\" content=\"Est. reading time\" \/>\n\t<meta name=\"twitter:data1\" content=\"4 minutes\" \/>\n<script type=\"application\/ld+json\" class=\"yoast-schema-graph\">{\"@context\":\"https:\/\/schema.org\",\"@graph\":[{\"@type\":\"WebPage\",\"@id\":\"https:\/\/bonpasteur-hostellerie.org\/en\/maison-bon-pasteur-angers-2\/lieux-de-retraite\/\",\"url\":\"https:\/\/bonpasteur-hostellerie.org\/en\/maison-bon-pasteur-angers-2\/lieux-de-retraite\/\",\"name\":\"Lieu de pri\u00e8re \u00e0 Angers\",\"isPartOf\":{\"@id\":\"https:\/\/bonpasteur-hostellerie.org\/#website\"},\"primaryImageOfPage\":{\"@id\":\"https:\/\/bonpasteur-hostellerie.org\/en\/maison-bon-pasteur-angers-2\/lieux-de-retraite\/#primaryimage\"},\"image\":{\"@id\":\"https:\/\/bonpasteur-hostellerie.org\/en\/maison-bon-pasteur-angers-2\/lieux-de-retraite\/#primaryimage\"},\"thumbnailUrl\":\"https:\/\/bonpasteur-hostellerie.org\/wp-content\/uploads\/2017\/02\/Chapelle-300x131.jpg\",\"datePublished\":\"2014-04-30T09:25:09+00:00\",\"dateModified\":\"2022-05-04T09:04:32+00:00\",\"description\":\"Profitez d'un lieu de pri\u00e8re calme et adapt\u00e9 au c\u0153ur d'Angers. Ressourcez-vous et partagez des moments uniques dans ce lieu privil\u00e9gi\u00e9.\",\"breadcrumb\":{\"@id\":\"https:\/\/bonpasteur-hostellerie.org\/en\/maison-bon-pasteur-angers-2\/lieux-de-retraite\/#breadcrumb\"},\"inLanguage\":\"en-US\",\"potentialAction\":[{\"@type\":\"ReadAction\",\"target\":[\"https:\/\/bonpasteur-hostellerie.org\/en\/maison-bon-pasteur-angers-2\/lieux-de-retraite\/\"]}]},{\"@type\":\"ImageObject\",\"inLanguage\":\"en-US\",\"@id\":\"https:\/\/bonpasteur-hostellerie.org\/en\/maison-bon-pasteur-angers-2\/lieux-de-retraite\/#primaryimage\",\"url\":\"https:\/\/bonpasteur-hostellerie.org\/wp-content\/uploads\/2017\/02\/Chapelle-300x131.jpg\",\"contentUrl\":\"https:\/\/bonpasteur-hostellerie.org\/wp-content\/uploads\/2017\/02\/Chapelle-300x131.jpg\"},{\"@type\":\"BreadcrumbList\",\"@id\":\"https:\/\/bonpasteur-hostellerie.org\/en\/maison-bon-pasteur-angers-2\/lieux-de-retraite\/#breadcrumb\",\"itemListElement\":[{\"@type\":\"ListItem\",\"position\":1,\"name\":\"Accueil\",\"item\":\"https:\/\/bonpasteur-hostellerie.org\/en\/\"},{\"@type\":\"ListItem\",\"position\":2,\"name\":\"THE MOTHER HOUSE\",\"item\":\"https:\/\/bonpasteur-hostellerie.org\/en\/maison-bon-pasteur-angers-2\/\"},{\"@type\":\"ListItem\",\"position\":3,\"name\":\"Lieux d&rsquo;int\u00e9r\u00eats\"}]},{\"@type\":\"WebSite\",\"@id\":\"https:\/\/bonpasteur-hostellerie.org\/#website\",\"url\":\"https:\/\/bonpasteur-hostellerie.org\/\",\"name\":\"\",\"description\":\"\",\"potentialAction\":[{\"@type\":\"SearchAction\",\"target\":{\"@type\":\"EntryPoint\",\"urlTemplate\":\"https:\/\/bonpasteur-hostellerie.org\/?s={search_term_string}\"},\"query-input\":\"required name=search_term_string\"}],\"inLanguage\":\"en-US\"}]}<\/script>\n<!-- \/ Yoast SEO plugin. -->","yoast_head_json":{"title":"Lieu de pri\u00e8re \u00e0 Angers","description":"Profitez d'un lieu de pri\u00e8re calme et adapt\u00e9 au c\u0153ur d'Angers. Ressourcez-vous et partagez des moments uniques dans ce lieu privil\u00e9gi\u00e9.","robots":{"index":"index","follow":"follow","max-snippet":"max-snippet:-1","max-image-preview":"max-image-preview:large","max-video-preview":"max-video-preview:-1"},"canonical":"https:\/\/bonpasteur-hostellerie.org\/en\/maison-bon-pasteur-angers-2\/lieux-de-retraite\/","og_locale":"en_US","og_type":"article","og_title":"Lieu de pri\u00e8re \u00e0 Angers","og_description":"Profitez d'un lieu de pri\u00e8re calme et adapt\u00e9 au c\u0153ur d'Angers. Ressourcez-vous et partagez des moments uniques dans ce lieu privil\u00e9gi\u00e9.","og_url":"https:\/\/bonpasteur-hostellerie.org\/en\/maison-bon-pasteur-angers-2\/lieux-de-retraite\/","article_publisher":"https:\/\/fr-fr.facebook.com\/hostellerie.bonpasteur.angers\/","article_modified_time":"2022-05-04T09:04:32+00:00","og_image":[{"url":"http:\/\/bonpasteur-hostellerie.org\/wp-content\/uploads\/2017\/02\/Chapelle-300x131.jpg"}],"twitter_card":"summary_large_image","twitter_misc":{"Est. reading time":"4 minutes"},"schema":{"@context":"https:\/\/schema.org","@graph":[{"@type":"WebPage","@id":"https:\/\/bonpasteur-hostellerie.org\/en\/maison-bon-pasteur-angers-2\/lieux-de-retraite\/","url":"https:\/\/bonpasteur-hostellerie.org\/en\/maison-bon-pasteur-angers-2\/lieux-de-retraite\/","name":"Lieu de pri\u00e8re \u00e0 Angers","isPartOf":{"@id":"https:\/\/bonpasteur-hostellerie.org\/#website"},"primaryImageOfPage":{"@id":"https:\/\/bonpasteur-hostellerie.org\/en\/maison-bon-pasteur-angers-2\/lieux-de-retraite\/#primaryimage"},"image":{"@id":"https:\/\/bonpasteur-hostellerie.org\/en\/maison-bon-pasteur-angers-2\/lieux-de-retraite\/#primaryimage"},"thumbnailUrl":"https:\/\/bonpasteur-hostellerie.org\/wp-content\/uploads\/2017\/02\/Chapelle-300x131.jpg","datePublished":"2014-04-30T09:25:09+00:00","dateModified":"2022-05-04T09:04:32+00:00","description":"Profitez d'un lieu de pri\u00e8re calme et adapt\u00e9 au c\u0153ur d'Angers. Ressourcez-vous et partagez des moments uniques dans ce lieu privil\u00e9gi\u00e9.","breadcrumb":{"@id":"https:\/\/bonpasteur-hostellerie.org\/en\/maison-bon-pasteur-angers-2\/lieux-de-retraite\/#breadcrumb"},"inLanguage":"en-US","potentialAction":[{"@type":"ReadAction","target":["https:\/\/bonpasteur-hostellerie.org\/en\/maison-bon-pasteur-angers-2\/lieux-de-retraite\/"]}]},{"@type":"ImageObject","inLanguage":"en-US","@id":"https:\/\/bonpasteur-hostellerie.org\/en\/maison-bon-pasteur-angers-2\/lieux-de-retraite\/#primaryimage","url":"https:\/\/bonpasteur-hostellerie.org\/wp-content\/uploads\/2017\/02\/Chapelle-300x131.jpg","contentUrl":"https:\/\/bonpasteur-hostellerie.org\/wp-content\/uploads\/2017\/02\/Chapelle-300x131.jpg"},{"@type":"BreadcrumbList","@id":"https:\/\/bonpasteur-hostellerie.org\/en\/maison-bon-pasteur-angers-2\/lieux-de-retraite\/#breadcrumb","itemListElement":[{"@type":"ListItem","position":1,"name":"Accueil","item":"https:\/\/bonpasteur-hostellerie.org\/en\/"},{"@type":"ListItem","position":2,"name":"THE MOTHER HOUSE","item":"https:\/\/bonpasteur-hostellerie.org\/en\/maison-bon-pasteur-angers-2\/"},{"@type":"ListItem","position":3,"name":"Lieux d&rsquo;int\u00e9r\u00eats"}]},{"@type":"WebSite","@id":"https:\/\/bonpasteur-hostellerie.org\/#website","url":"https:\/\/bonpasteur-hostellerie.org\/","name":"","description":"","potentialAction":[{"@type":"SearchAction","target":{"@type":"EntryPoint","urlTemplate":"https:\/\/bonpasteur-hostellerie.org\/?s={search_term_string}"},"query-input":"required name=search_term_string"}],"inLanguage":"en-US"}]}},"_links":{"self":[{"href":"https:\/\/bonpasteur-hostellerie.org\/en\/wp-json\/wp\/v2\/pages\/2370"}],"collection":[{"href":"https:\/\/bonpasteur-hostellerie.org\/en\/wp-json\/wp\/v2\/pages"}],"about":[{"href":"https:\/\/bonpasteur-hostellerie.org\/en\/wp-json\/wp\/v2\/types\/page"}],"author":[{"embeddable":true,"href":"https:\/\/bonpasteur-hostellerie.org\/en\/wp-json\/wp\/v2\/users\/2"}],"replies":[{"embeddable":true,"href":"https:\/\/bonpasteur-hostellerie.org\/en\/wp-json\/wp\/v2\/comments?post=2370"}],"version-history":[{"count":5,"href":"https:\/\/bonpasteur-hostellerie.org\/en\/wp-json\/wp\/v2\/pages\/2370\/revisions"}],"predecessor-version":[{"id":4120,"href":"https:\/\/bonpasteur-hostellerie.org\/en\/wp-json\/wp\/v2\/pages\/2370\/revisions\/4120"}],"up":[{"embeddable":true,"href":"https:\/\/bonpasteur-hostellerie.org\/en\/wp-json\/wp\/v2\/pages\/813"}],"wp:attachment":[{"href":"https:\/\/bonpasteur-hostellerie.org\/en\/wp-json\/wp\/v2\/media?parent=2370"}],"curies":[{"name":"wp","href":"https:\/\/api.w.org\/{rel}","templated":true}]}}