{"id":2462,"date":"2014-04-30T10:20:33","date_gmt":"2014-04-30T09:20:33","guid":{"rendered":"http:\/\/bonpasteur-hostellerie.org\/restauration-3\/"},"modified":"2021-06-18T13:25:37","modified_gmt":"2021-06-18T12:25:37","slug":"restauration","status":"publish","type":"page","link":"https:\/\/bonpasteur-hostellerie.org\/en\/restauration\/","title":{"rendered":"THE RESTAURANT"},"content":{"rendered":"<ul>\n<li><u>By reservation<\/u> : The Self-Service Restaurant is open 7\/7\u00a0\u2013\u00a0<strong>the latest reservation is taken the evening before the event<\/strong><\/li>\n<li>\u00a0<span lang=\"EN-GB\"><span style=\"color: #000000; font-family: Calibri; font-size: medium;\">for a lunch or an evening meal, alone, among friends, with the family or in a group.<\/span><\/span> <img loading=\"lazy\" decoding=\"async\" class=\"size-medium wp-image-1062 aligncenter\" src=\"https:\/\/bonpasteur-hostellerie.org\/wp-content\/uploads\/2014\/07\/Tablees-de-fetes-11-300x225.jpg\" alt=\"F\u00eate \u00e0 la salle de restauration\" width=\"300\" height=\"225\" srcset=\"https:\/\/bonpasteur-hostellerie.org\/wp-content\/uploads\/2014\/07\/Tablees-de-fetes-11-300x225.jpg 300w, https:\/\/bonpasteur-hostellerie.org\/wp-content\/uploads\/2014\/07\/Tablees-de-fetes-11-1024x768.jpg 1024w\" sizes=\"(max-width: 300px) 100vw, 300px\" \/><u><\/u><\/li>\n<li><span style=\"text-decoration: underline;\"><u>By request<\/u><\/span>: for all your celebrations, suggested menus with service, buffets, cocktails, aperitifs in the <strong>RESTAURANT<\/strong> or in the CELEBRATION ROOMS.<\/li>\n<\/ul>\n<h2 style=\"text-align: center;\"><\/h2>\n<ul>\n<li><span style=\"text-decoration: underline;\">Breaks<\/span> :\u00a0<span lang=\"EN-GB\"><span style=\"color: #000000; font-family: Calibri; font-size: medium;\">Quick breaks, relaxed breaks, gourmet or tasty on request.<\/span><\/span><\/li>\n<\/ul>\n<p>&nbsp;<\/p>\n<!-- AddThis Advanced Settings generic via filter on the_content -->","protected":false},"excerpt":{"rendered":"<p>By reservation : The Self-Service Restaurant is open 7\/7\u00a0\u2013\u00a0the latest reservation is taken the evening before the event \u00a0for a lunch or an evening meal, alone, among friends, with [&hellip;]<!-- AddThis Advanced Settings generic via filter on get_the_excerpt --><\/p>\n","protected":false},"author":2,"featured_media":0,"parent":0,"menu_order":0,"comment_status":"closed","ping_status":"closed","template":"","meta":{"_acf_changed":false,"footnotes":""},"class_list":["post-2462","page","type-page","status-publish","hentry"],"acf":[],"yoast_head":"<!-- This site is optimized with the Yoast SEO plugin v23.2 - https:\/\/yoast.com\/wordpress\/plugins\/seo\/ -->\n<title>R\u00e9sidence h\u00f4teli\u00e8re \u00e0 Angers : restauration<\/title>\n<meta name=\"description\" content=\"Profitez des solutions de restauration de l&#039;hostellerie Bon Pasteur \u00e0 Angers. Venez vous restaurer 7 jour sur 7. R\u00e9servation \u00e0 l&#039;avance.\" \/>\n<meta name=\"robots\" content=\"index, follow, max-snippet:-1, max-image-preview:large, max-video-preview:-1\" \/>\n<link rel=\"canonical\" href=\"https:\/\/bonpasteur-hostellerie.org\/en\/restauration\/\" \/>\n<meta property=\"og:locale\" content=\"en_US\" \/>\n<meta property=\"og:type\" content=\"article\" \/>\n<meta property=\"og:title\" content=\"R\u00e9sidence h\u00f4teli\u00e8re \u00e0 Angers : restauration\" \/>\n<meta property=\"og:description\" content=\"Profitez des solutions de restauration de l&#039;hostellerie Bon Pasteur \u00e0 Angers. Venez vous restaurer 7 jour sur 7. R\u00e9servation \u00e0 l&#039;avance.\" \/>\n<meta property=\"og:url\" content=\"https:\/\/bonpasteur-hostellerie.org\/en\/restauration\/\" \/>\n<meta property=\"article:publisher\" content=\"https:\/\/fr-fr.facebook.com\/hostellerie.bonpasteur.angers\/\" \/>\n<meta property=\"article:modified_time\" content=\"2021-06-18T12:25:37+00:00\" \/>\n<meta property=\"og:image\" content=\"https:\/\/bonpasteur-hostellerie.org\/wp-content\/uploads\/2014\/07\/Tablees-de-fetes-11-300x225.jpg\" \/>\n<meta name=\"twitter:card\" content=\"summary_large_image\" \/>\n<meta name=\"twitter:label1\" content=\"Est. reading time\" \/>\n\t<meta name=\"twitter:data1\" content=\"1 minute\" \/>\n<script type=\"application\/ld+json\" class=\"yoast-schema-graph\">{\"@context\":\"https:\/\/schema.org\",\"@graph\":[{\"@type\":\"WebPage\",\"@id\":\"https:\/\/bonpasteur-hostellerie.org\/en\/restauration\/\",\"url\":\"https:\/\/bonpasteur-hostellerie.org\/en\/restauration\/\",\"name\":\"R\u00e9sidence h\u00f4teli\u00e8re \u00e0 Angers : restauration\",\"isPartOf\":{\"@id\":\"https:\/\/bonpasteur-hostellerie.org\/#website\"},\"primaryImageOfPage\":{\"@id\":\"https:\/\/bonpasteur-hostellerie.org\/en\/restauration\/#primaryimage\"},\"image\":{\"@id\":\"https:\/\/bonpasteur-hostellerie.org\/en\/restauration\/#primaryimage\"},\"thumbnailUrl\":\"https:\/\/bonpasteur-hostellerie.org\/wp-content\/uploads\/2014\/07\/Tablees-de-fetes-11-300x225.jpg\",\"datePublished\":\"2014-04-30T09:20:33+00:00\",\"dateModified\":\"2021-06-18T12:25:37+00:00\",\"description\":\"Profitez des solutions de restauration de l'hostellerie Bon Pasteur \u00e0 Angers. Venez vous restaurer 7 jour sur 7. R\u00e9servation \u00e0 l'avance.\",\"breadcrumb\":{\"@id\":\"https:\/\/bonpasteur-hostellerie.org\/en\/restauration\/#breadcrumb\"},\"inLanguage\":\"en-US\",\"potentialAction\":[{\"@type\":\"ReadAction\",\"target\":[\"https:\/\/bonpasteur-hostellerie.org\/en\/restauration\/\"]}]},{\"@type\":\"ImageObject\",\"inLanguage\":\"en-US\",\"@id\":\"https:\/\/bonpasteur-hostellerie.org\/en\/restauration\/#primaryimage\",\"url\":\"https:\/\/bonpasteur-hostellerie.org\/wp-content\/uploads\/2014\/07\/Tablees-de-fetes-11-300x225.jpg\",\"contentUrl\":\"https:\/\/bonpasteur-hostellerie.org\/wp-content\/uploads\/2014\/07\/Tablees-de-fetes-11-300x225.jpg\"},{\"@type\":\"BreadcrumbList\",\"@id\":\"https:\/\/bonpasteur-hostellerie.org\/en\/restauration\/#breadcrumb\",\"itemListElement\":[{\"@type\":\"ListItem\",\"position\":1,\"name\":\"Accueil\",\"item\":\"https:\/\/bonpasteur-hostellerie.org\/en\/\"},{\"@type\":\"ListItem\",\"position\":2,\"name\":\"THE RESTAURANT\"}]},{\"@type\":\"WebSite\",\"@id\":\"https:\/\/bonpasteur-hostellerie.org\/#website\",\"url\":\"https:\/\/bonpasteur-hostellerie.org\/\",\"name\":\"\",\"description\":\"\",\"potentialAction\":[{\"@type\":\"SearchAction\",\"target\":{\"@type\":\"EntryPoint\",\"urlTemplate\":\"https:\/\/bonpasteur-hostellerie.org\/?s={search_term_string}\"},\"query-input\":\"required name=search_term_string\"}],\"inLanguage\":\"en-US\"}]}<\/script>\n<!-- \/ Yoast SEO plugin. -->","yoast_head_json":{"title":"R\u00e9sidence h\u00f4teli\u00e8re \u00e0 Angers : restauration","description":"Profitez des solutions de restauration de l'hostellerie Bon Pasteur \u00e0 Angers. Venez vous restaurer 7 jour sur 7. R\u00e9servation \u00e0 l'avance.","robots":{"index":"index","follow":"follow","max-snippet":"max-snippet:-1","max-image-preview":"max-image-preview:large","max-video-preview":"max-video-preview:-1"},"canonical":"https:\/\/bonpasteur-hostellerie.org\/en\/restauration\/","og_locale":"en_US","og_type":"article","og_title":"R\u00e9sidence h\u00f4teli\u00e8re \u00e0 Angers : restauration","og_description":"Profitez des solutions de restauration de l'hostellerie Bon Pasteur \u00e0 Angers. Venez vous restaurer 7 jour sur 7. R\u00e9servation \u00e0 l'avance.","og_url":"https:\/\/bonpasteur-hostellerie.org\/en\/restauration\/","article_publisher":"https:\/\/fr-fr.facebook.com\/hostellerie.bonpasteur.angers\/","article_modified_time":"2021-06-18T12:25:37+00:00","og_image":[{"url":"https:\/\/bonpasteur-hostellerie.org\/wp-content\/uploads\/2014\/07\/Tablees-de-fetes-11-300x225.jpg"}],"twitter_card":"summary_large_image","twitter_misc":{"Est. reading time":"1 minute"},"schema":{"@context":"https:\/\/schema.org","@graph":[{"@type":"WebPage","@id":"https:\/\/bonpasteur-hostellerie.org\/en\/restauration\/","url":"https:\/\/bonpasteur-hostellerie.org\/en\/restauration\/","name":"R\u00e9sidence h\u00f4teli\u00e8re \u00e0 Angers : restauration","isPartOf":{"@id":"https:\/\/bonpasteur-hostellerie.org\/#website"},"primaryImageOfPage":{"@id":"https:\/\/bonpasteur-hostellerie.org\/en\/restauration\/#primaryimage"},"image":{"@id":"https:\/\/bonpasteur-hostellerie.org\/en\/restauration\/#primaryimage"},"thumbnailUrl":"https:\/\/bonpasteur-hostellerie.org\/wp-content\/uploads\/2014\/07\/Tablees-de-fetes-11-300x225.jpg","datePublished":"2014-04-30T09:20:33+00:00","dateModified":"2021-06-18T12:25:37+00:00","description":"Profitez des solutions de restauration de l'hostellerie Bon Pasteur \u00e0 Angers. Venez vous restaurer 7 jour sur 7. R\u00e9servation \u00e0 l'avance.","breadcrumb":{"@id":"https:\/\/bonpasteur-hostellerie.org\/en\/restauration\/#breadcrumb"},"inLanguage":"en-US","potentialAction":[{"@type":"ReadAction","target":["https:\/\/bonpasteur-hostellerie.org\/en\/restauration\/"]}]},{"@type":"ImageObject","inLanguage":"en-US","@id":"https:\/\/bonpasteur-hostellerie.org\/en\/restauration\/#primaryimage","url":"https:\/\/bonpasteur-hostellerie.org\/wp-content\/uploads\/2014\/07\/Tablees-de-fetes-11-300x225.jpg","contentUrl":"https:\/\/bonpasteur-hostellerie.org\/wp-content\/uploads\/2014\/07\/Tablees-de-fetes-11-300x225.jpg"},{"@type":"BreadcrumbList","@id":"https:\/\/bonpasteur-hostellerie.org\/en\/restauration\/#breadcrumb","itemListElement":[{"@type":"ListItem","position":1,"name":"Accueil","item":"https:\/\/bonpasteur-hostellerie.org\/en\/"},{"@type":"ListItem","position":2,"name":"THE RESTAURANT"}]},{"@type":"WebSite","@id":"https:\/\/bonpasteur-hostellerie.org\/#website","url":"https:\/\/bonpasteur-hostellerie.org\/","name":"","description":"","potentialAction":[{"@type":"SearchAction","target":{"@type":"EntryPoint","urlTemplate":"https:\/\/bonpasteur-hostellerie.org\/?s={search_term_string}"},"query-input":"required name=search_term_string"}],"inLanguage":"en-US"}]}},"_links":{"self":[{"href":"https:\/\/bonpasteur-hostellerie.org\/en\/wp-json\/wp\/v2\/pages\/2462"}],"collection":[{"href":"https:\/\/bonpasteur-hostellerie.org\/en\/wp-json\/wp\/v2\/pages"}],"about":[{"href":"https:\/\/bonpasteur-hostellerie.org\/en\/wp-json\/wp\/v2\/types\/page"}],"author":[{"embeddable":true,"href":"https:\/\/bonpasteur-hostellerie.org\/en\/wp-json\/wp\/v2\/users\/2"}],"replies":[{"embeddable":true,"href":"https:\/\/bonpasteur-hostellerie.org\/en\/wp-json\/wp\/v2\/comments?post=2462"}],"version-history":[{"count":5,"href":"https:\/\/bonpasteur-hostellerie.org\/en\/wp-json\/wp\/v2\/pages\/2462\/revisions"}],"predecessor-version":[{"id":3835,"href":"https:\/\/bonpasteur-hostellerie.org\/en\/wp-json\/wp\/v2\/pages\/2462\/revisions\/3835"}],"wp:attachment":[{"href":"https:\/\/bonpasteur-hostellerie.org\/en\/wp-json\/wp\/v2\/media?parent=2462"}],"curies":[{"name":"wp","href":"https:\/\/api.w.org\/{rel}","templated":true}]}}