{"id":2532,"date":"2014-05-23T08:42:41","date_gmt":"2014-05-23T07:42:41","guid":{"rendered":"http:\/\/bonpasteur-hostellerie.org\/?page_id=2532"},"modified":"2021-06-18T14:39:56","modified_gmt":"2021-06-18T13:39:56","slug":"reservation-en-ligne","status":"publish","type":"page","link":"https:\/\/bonpasteur-hostellerie.org\/en\/reservation-en-ligne\/","title":{"rendered":"Information request"},"content":{"rendered":"<h2 id=\"tw-target-text\" class=\"tw-data-text tw-text-large XcVN5d tw-ta\" dir=\"ltr\" style=\"text-align: center;\" data-placeholder=\"Traduction\"><span class=\"Y2IQFc\" lang=\"en\">Request for individual and group information <\/span><\/h2>\n<h2 dir=\"ltr\" data-placeholder=\"Traduction\"><\/h2>\n<pre class=\"tw-data-text tw-text-large XcVN5d tw-ta\" dir=\"ltr\" data-placeholder=\"Traduction\"><span class=\"Y2IQFc\" lang=\"en\">In order to provide you with a welcome that meets your expectations, we thank you for completing this questionnaire as accurately as possible.<\/span><\/pre>\n<h3 style=\"text-align: center;\"><span style=\"text-decoration: underline;\">\u00a0<\/span><\/h3>\n<h3 id=\"tw-target-text\" class=\"tw-data-text tw-text-large XcVN5d tw-ta\" dir=\"ltr\" style=\"text-align: center;\" data-placeholder=\"Traduction\"><span class=\"Y2IQFc\" lang=\"en\"><span style=\"color: #000000;\">This is not a reservation request<\/span>, we will get back to you later.<\/span><\/h3>\n<p>&nbsp;<\/p>\n<p>&nbsp;<\/p>\n\n<h2 style=\"text-align: center;\"><\/h2>\n<h2 style=\"text-align: center;\"><\/h2>\n<h2 style=\"text-align: center;\"><strong>Contact<\/strong><\/h2>\n<p style=\"text-align: center;\">From\u00a0 Monday to Friday<br \/>\nFrom 9AM to 6PM<\/p>\n<p style=\"text-align: center;\"><strong>HOSTELLERIE BON PASTEUR<\/strong><br \/>\n18 Rue Marie Euphrasie Pelletier<br \/>\n49100 Angers<br \/>\nTel : <strong>02 41 \u00a072 12 80<\/strong><br \/>\nMail : <a href=\"http:\/\/resas@bonpasteur-hostellerie.org\">resas@bonpasteur-hostellerie.org<\/a><\/p>\n<!-- AddThis Advanced Settings generic via filter on the_content -->","protected":false},"excerpt":{"rendered":"<p>Request for individual and group information In order to provide you with a welcome that meets your expectations, we thank you for completing this questionnaire as accurately as possible. [&hellip;]<!-- AddThis Advanced Settings generic via filter on get_the_excerpt --><\/p>\n","protected":false},"author":2,"featured_media":0,"parent":0,"menu_order":0,"comment_status":"closed","ping_status":"closed","template":"","meta":{"_acf_changed":false,"footnotes":""},"class_list":["post-2532","page","type-page","status-publish","hentry"],"acf":[],"yoast_head":"<!-- This site is optimized with the Yoast SEO plugin v23.2 - https:\/\/yoast.com\/wordpress\/plugins\/seo\/ -->\n<title>R\u00e9servation en ligne<\/title>\n<meta name=\"description\" content=\"Bon Pasteur Hostellerie propose des services d&#039;h\u00e9bergement, de restauration et de location de salles de r\u00e9unions professionnelles et festives.\" \/>\n<meta name=\"robots\" content=\"index, follow, max-snippet:-1, max-image-preview:large, max-video-preview:-1\" \/>\n<link rel=\"canonical\" href=\"https:\/\/bonpasteur-hostellerie.org\/en\/reservation-en-ligne\/\" \/>\n<meta property=\"og:locale\" content=\"en_US\" \/>\n<meta property=\"og:type\" content=\"article\" \/>\n<meta property=\"og:title\" content=\"R\u00e9servation en ligne\" \/>\n<meta property=\"og:description\" content=\"Bon Pasteur Hostellerie propose des services d&#039;h\u00e9bergement, de restauration et de location de salles de r\u00e9unions professionnelles et festives.\" \/>\n<meta property=\"og:url\" content=\"https:\/\/bonpasteur-hostellerie.org\/en\/reservation-en-ligne\/\" \/>\n<meta property=\"article:publisher\" content=\"https:\/\/fr-fr.facebook.com\/hostellerie.bonpasteur.angers\/\" \/>\n<meta property=\"article:modified_time\" content=\"2021-06-18T13:39:56+00:00\" \/>\n<meta name=\"twitter:card\" content=\"summary_large_image\" \/>\n<meta name=\"twitter:label1\" content=\"Est. reading time\" \/>\n\t<meta name=\"twitter:data1\" content=\"1 minute\" \/>\n<script type=\"application\/ld+json\" class=\"yoast-schema-graph\">{\"@context\":\"https:\/\/schema.org\",\"@graph\":[{\"@type\":\"WebPage\",\"@id\":\"https:\/\/bonpasteur-hostellerie.org\/en\/reservation-en-ligne\/\",\"url\":\"https:\/\/bonpasteur-hostellerie.org\/en\/reservation-en-ligne\/\",\"name\":\"R\u00e9servation en ligne\",\"isPartOf\":{\"@id\":\"https:\/\/bonpasteur-hostellerie.org\/#website\"},\"datePublished\":\"2014-05-23T07:42:41+00:00\",\"dateModified\":\"2021-06-18T13:39:56+00:00\",\"description\":\"Bon Pasteur Hostellerie propose des services d'h\u00e9bergement, de restauration et de location de salles de r\u00e9unions professionnelles et festives.\",\"breadcrumb\":{\"@id\":\"https:\/\/bonpasteur-hostellerie.org\/en\/reservation-en-ligne\/#breadcrumb\"},\"inLanguage\":\"en-US\",\"potentialAction\":[{\"@type\":\"ReadAction\",\"target\":[\"https:\/\/bonpasteur-hostellerie.org\/en\/reservation-en-ligne\/\"]}]},{\"@type\":\"BreadcrumbList\",\"@id\":\"https:\/\/bonpasteur-hostellerie.org\/en\/reservation-en-ligne\/#breadcrumb\",\"itemListElement\":[{\"@type\":\"ListItem\",\"position\":1,\"name\":\"Accueil\",\"item\":\"https:\/\/bonpasteur-hostellerie.org\/en\/\"},{\"@type\":\"ListItem\",\"position\":2,\"name\":\"Information request\"}]},{\"@type\":\"WebSite\",\"@id\":\"https:\/\/bonpasteur-hostellerie.org\/#website\",\"url\":\"https:\/\/bonpasteur-hostellerie.org\/\",\"name\":\"\",\"description\":\"\",\"potentialAction\":[{\"@type\":\"SearchAction\",\"target\":{\"@type\":\"EntryPoint\",\"urlTemplate\":\"https:\/\/bonpasteur-hostellerie.org\/?s={search_term_string}\"},\"query-input\":\"required name=search_term_string\"}],\"inLanguage\":\"en-US\"}]}<\/script>\n<!-- \/ Yoast SEO plugin. -->","yoast_head_json":{"title":"R\u00e9servation en ligne","description":"Bon Pasteur Hostellerie propose des services d'h\u00e9bergement, de restauration et de location de salles de r\u00e9unions professionnelles et festives.","robots":{"index":"index","follow":"follow","max-snippet":"max-snippet:-1","max-image-preview":"max-image-preview:large","max-video-preview":"max-video-preview:-1"},"canonical":"https:\/\/bonpasteur-hostellerie.org\/en\/reservation-en-ligne\/","og_locale":"en_US","og_type":"article","og_title":"R\u00e9servation en ligne","og_description":"Bon Pasteur Hostellerie propose des services d'h\u00e9bergement, de restauration et de location de salles de r\u00e9unions professionnelles et festives.","og_url":"https:\/\/bonpasteur-hostellerie.org\/en\/reservation-en-ligne\/","article_publisher":"https:\/\/fr-fr.facebook.com\/hostellerie.bonpasteur.angers\/","article_modified_time":"2021-06-18T13:39:56+00:00","twitter_card":"summary_large_image","twitter_misc":{"Est. reading time":"1 minute"},"schema":{"@context":"https:\/\/schema.org","@graph":[{"@type":"WebPage","@id":"https:\/\/bonpasteur-hostellerie.org\/en\/reservation-en-ligne\/","url":"https:\/\/bonpasteur-hostellerie.org\/en\/reservation-en-ligne\/","name":"R\u00e9servation en ligne","isPartOf":{"@id":"https:\/\/bonpasteur-hostellerie.org\/#website"},"datePublished":"2014-05-23T07:42:41+00:00","dateModified":"2021-06-18T13:39:56+00:00","description":"Bon Pasteur Hostellerie propose des services d'h\u00e9bergement, de restauration et de location de salles de r\u00e9unions professionnelles et festives.","breadcrumb":{"@id":"https:\/\/bonpasteur-hostellerie.org\/en\/reservation-en-ligne\/#breadcrumb"},"inLanguage":"en-US","potentialAction":[{"@type":"ReadAction","target":["https:\/\/bonpasteur-hostellerie.org\/en\/reservation-en-ligne\/"]}]},{"@type":"BreadcrumbList","@id":"https:\/\/bonpasteur-hostellerie.org\/en\/reservation-en-ligne\/#breadcrumb","itemListElement":[{"@type":"ListItem","position":1,"name":"Accueil","item":"https:\/\/bonpasteur-hostellerie.org\/en\/"},{"@type":"ListItem","position":2,"name":"Information request"}]},{"@type":"WebSite","@id":"https:\/\/bonpasteur-hostellerie.org\/#website","url":"https:\/\/bonpasteur-hostellerie.org\/","name":"","description":"","potentialAction":[{"@type":"SearchAction","target":{"@type":"EntryPoint","urlTemplate":"https:\/\/bonpasteur-hostellerie.org\/?s={search_term_string}"},"query-input":"required name=search_term_string"}],"inLanguage":"en-US"}]}},"_links":{"self":[{"href":"https:\/\/bonpasteur-hostellerie.org\/en\/wp-json\/wp\/v2\/pages\/2532"}],"collection":[{"href":"https:\/\/bonpasteur-hostellerie.org\/en\/wp-json\/wp\/v2\/pages"}],"about":[{"href":"https:\/\/bonpasteur-hostellerie.org\/en\/wp-json\/wp\/v2\/types\/page"}],"author":[{"embeddable":true,"href":"https:\/\/bonpasteur-hostellerie.org\/en\/wp-json\/wp\/v2\/users\/2"}],"replies":[{"embeddable":true,"href":"https:\/\/bonpasteur-hostellerie.org\/en\/wp-json\/wp\/v2\/comments?post=2532"}],"version-history":[{"count":5,"href":"https:\/\/bonpasteur-hostellerie.org\/en\/wp-json\/wp\/v2\/pages\/2532\/revisions"}],"predecessor-version":[{"id":3838,"href":"https:\/\/bonpasteur-hostellerie.org\/en\/wp-json\/wp\/v2\/pages\/2532\/revisions\/3838"}],"wp:attachment":[{"href":"https:\/\/bonpasteur-hostellerie.org\/en\/wp-json\/wp\/v2\/media?parent=2532"}],"curies":[{"name":"wp","href":"https:\/\/api.w.org\/{rel}","templated":true}]}}