{"id":259,"date":"2014-04-30T13:55:31","date_gmt":"2014-04-30T12:55:31","guid":{"rendered":"http:\/\/bonpasteur-hostellerie.org\/\/accueil-2\/"},"modified":"2018-01-08T20:16:22","modified_gmt":"2018-01-08T19:16:22","slug":"welcome","status":"publish","type":"page","link":"https:\/\/bonpasteur-hostellerie.org\/en\/","title":{"rendered":"Welcome"},"content":{"rendered":"<!-- AddThis Advanced Settings generic via filter on the_content -->","protected":false},"excerpt":{"rendered":"<p><!-- AddThis Advanced Settings generic via filter on get_the_excerpt --><\/p>\n","protected":false},"author":2,"featured_media":2580,"parent":0,"menu_order":0,"comment_status":"closed","ping_status":"closed","template":"page-home.php","meta":{"_acf_changed":false,"footnotes":""},"class_list":["post-259","page","type-page","status-publish","has-post-thumbnail","hentry"],"acf":[],"yoast_head":"<!-- This site is optimized with the Yoast SEO plugin v23.2 - https:\/\/yoast.com\/wordpress\/plugins\/seo\/ -->\n<title>H\u00e9bergement \u00e0 Angers<\/title>\n<meta name=\"description\" content=\"D\u00e9couvrez les atouts et les possibilit\u00e9s d&#039;h\u00e9bergement \u00e0 Angers propos\u00e9es par le Bon Pasteur Hostellerie. Nous vous accueillons pour un court s\u00e9jour, un \u00e9v\u00e9nement de travail ou familial.\" \/>\n<meta name=\"robots\" content=\"index, follow, max-snippet:-1, max-image-preview:large, max-video-preview:-1\" \/>\n<link rel=\"canonical\" href=\"https:\/\/bonpasteur-hostellerie.org\/en\/\" \/>\n<meta property=\"og:locale\" content=\"en_US\" \/>\n<meta property=\"og:type\" content=\"article\" \/>\n<meta property=\"og:title\" content=\"H\u00e9bergement \u00e0 Angers\" \/>\n<meta property=\"og:description\" content=\"D\u00e9couvrez les atouts et les possibilit\u00e9s d&#039;h\u00e9bergement \u00e0 Angers propos\u00e9es par le Bon Pasteur Hostellerie. Nous vous accueillons pour un court s\u00e9jour, un \u00e9v\u00e9nement de travail ou familial.\" \/>\n<meta property=\"og:url\" content=\"https:\/\/bonpasteur-hostellerie.org\/en\/\" \/>\n<meta property=\"article:publisher\" content=\"https:\/\/fr-fr.facebook.com\/hostellerie.bonpasteur.angers\/\" \/>\n<meta property=\"article:modified_time\" content=\"2018-01-08T19:16:22+00:00\" \/>\n<meta property=\"og:image\" content=\"https:\/\/bonpasteur-hostellerie.org\/wp-content\/uploads\/2014\/04\/bandeau-page_compressed.jpg\" \/>\n\t<meta property=\"og:image:width\" content=\"1265\" \/>\n\t<meta property=\"og:image:height\" content=\"419\" \/>\n\t<meta property=\"og:image:type\" content=\"image\/jpeg\" \/>\n<meta name=\"twitter:card\" content=\"summary_large_image\" \/>\n<script type=\"application\/ld+json\" class=\"yoast-schema-graph\">{\"@context\":\"https:\/\/schema.org\",\"@graph\":[{\"@type\":\"WebPage\",\"@id\":\"https:\/\/bonpasteur-hostellerie.org\/en\/\",\"url\":\"https:\/\/bonpasteur-hostellerie.org\/en\/\",\"name\":\"H\u00e9bergement \u00e0 Angers\",\"isPartOf\":{\"@id\":\"https:\/\/bonpasteur-hostellerie.org\/#website\"},\"primaryImageOfPage\":{\"@id\":\"https:\/\/bonpasteur-hostellerie.org\/en\/#primaryimage\"},\"image\":{\"@id\":\"https:\/\/bonpasteur-hostellerie.org\/en\/#primaryimage\"},\"thumbnailUrl\":\"https:\/\/bonpasteur-hostellerie.org\/wp-content\/uploads\/2014\/04\/bandeau-page_compressed.jpg\",\"datePublished\":\"2014-04-30T12:55:31+00:00\",\"dateModified\":\"2018-01-08T19:16:22+00:00\",\"description\":\"D\u00e9couvrez les atouts et les possibilit\u00e9s d'h\u00e9bergement \u00e0 Angers propos\u00e9es par le Bon Pasteur Hostellerie. Nous vous accueillons pour un court s\u00e9jour, un \u00e9v\u00e9nement de travail ou familial.\",\"breadcrumb\":{\"@id\":\"https:\/\/bonpasteur-hostellerie.org\/en\/#breadcrumb\"},\"inLanguage\":\"en-US\",\"potentialAction\":[{\"@type\":\"ReadAction\",\"target\":[\"https:\/\/bonpasteur-hostellerie.org\/en\/\"]}]},{\"@type\":\"ImageObject\",\"inLanguage\":\"en-US\",\"@id\":\"https:\/\/bonpasteur-hostellerie.org\/en\/#primaryimage\",\"url\":\"https:\/\/bonpasteur-hostellerie.org\/wp-content\/uploads\/2014\/04\/bandeau-page_compressed.jpg\",\"contentUrl\":\"https:\/\/bonpasteur-hostellerie.org\/wp-content\/uploads\/2014\/04\/bandeau-page_compressed.jpg\",\"width\":1265,\"height\":419},{\"@type\":\"BreadcrumbList\",\"@id\":\"https:\/\/bonpasteur-hostellerie.org\/en\/#breadcrumb\",\"itemListElement\":[{\"@type\":\"ListItem\",\"position\":1,\"name\":\"Accueil\",\"item\":\"https:\/\/bonpasteur-hostellerie.org\/en\/\"},{\"@type\":\"ListItem\",\"position\":2,\"name\":\"Welcome\"}]},{\"@type\":\"WebSite\",\"@id\":\"https:\/\/bonpasteur-hostellerie.org\/#website\",\"url\":\"https:\/\/bonpasteur-hostellerie.org\/\",\"name\":\"\",\"description\":\"\",\"potentialAction\":[{\"@type\":\"SearchAction\",\"target\":{\"@type\":\"EntryPoint\",\"urlTemplate\":\"https:\/\/bonpasteur-hostellerie.org\/?s={search_term_string}\"},\"query-input\":\"required name=search_term_string\"}],\"inLanguage\":\"en-US\"}]}<\/script>\n<!-- \/ Yoast SEO plugin. -->","yoast_head_json":{"title":"H\u00e9bergement \u00e0 Angers","description":"D\u00e9couvrez les atouts et les possibilit\u00e9s d'h\u00e9bergement \u00e0 Angers propos\u00e9es par le Bon Pasteur Hostellerie. Nous vous accueillons pour un court s\u00e9jour, un \u00e9v\u00e9nement de travail ou familial.","robots":{"index":"index","follow":"follow","max-snippet":"max-snippet:-1","max-image-preview":"max-image-preview:large","max-video-preview":"max-video-preview:-1"},"canonical":"https:\/\/bonpasteur-hostellerie.org\/en\/","og_locale":"en_US","og_type":"article","og_title":"H\u00e9bergement \u00e0 Angers","og_description":"D\u00e9couvrez les atouts et les possibilit\u00e9s d'h\u00e9bergement \u00e0 Angers propos\u00e9es par le Bon Pasteur Hostellerie. Nous vous accueillons pour un court s\u00e9jour, un \u00e9v\u00e9nement de travail ou familial.","og_url":"https:\/\/bonpasteur-hostellerie.org\/en\/","article_publisher":"https:\/\/fr-fr.facebook.com\/hostellerie.bonpasteur.angers\/","article_modified_time":"2018-01-08T19:16:22+00:00","og_image":[{"width":1265,"height":419,"url":"https:\/\/bonpasteur-hostellerie.org\/wp-content\/uploads\/2014\/04\/bandeau-page_compressed.jpg","type":"image\/jpeg"}],"twitter_card":"summary_large_image","schema":{"@context":"https:\/\/schema.org","@graph":[{"@type":"WebPage","@id":"https:\/\/bonpasteur-hostellerie.org\/en\/","url":"https:\/\/bonpasteur-hostellerie.org\/en\/","name":"H\u00e9bergement \u00e0 Angers","isPartOf":{"@id":"https:\/\/bonpasteur-hostellerie.org\/#website"},"primaryImageOfPage":{"@id":"https:\/\/bonpasteur-hostellerie.org\/en\/#primaryimage"},"image":{"@id":"https:\/\/bonpasteur-hostellerie.org\/en\/#primaryimage"},"thumbnailUrl":"https:\/\/bonpasteur-hostellerie.org\/wp-content\/uploads\/2014\/04\/bandeau-page_compressed.jpg","datePublished":"2014-04-30T12:55:31+00:00","dateModified":"2018-01-08T19:16:22+00:00","description":"D\u00e9couvrez les atouts et les possibilit\u00e9s d'h\u00e9bergement \u00e0 Angers propos\u00e9es par le Bon Pasteur Hostellerie. Nous vous accueillons pour un court s\u00e9jour, un \u00e9v\u00e9nement de travail ou familial.","breadcrumb":{"@id":"https:\/\/bonpasteur-hostellerie.org\/en\/#breadcrumb"},"inLanguage":"en-US","potentialAction":[{"@type":"ReadAction","target":["https:\/\/bonpasteur-hostellerie.org\/en\/"]}]},{"@type":"ImageObject","inLanguage":"en-US","@id":"https:\/\/bonpasteur-hostellerie.org\/en\/#primaryimage","url":"https:\/\/bonpasteur-hostellerie.org\/wp-content\/uploads\/2014\/04\/bandeau-page_compressed.jpg","contentUrl":"https:\/\/bonpasteur-hostellerie.org\/wp-content\/uploads\/2014\/04\/bandeau-page_compressed.jpg","width":1265,"height":419},{"@type":"BreadcrumbList","@id":"https:\/\/bonpasteur-hostellerie.org\/en\/#breadcrumb","itemListElement":[{"@type":"ListItem","position":1,"name":"Accueil","item":"https:\/\/bonpasteur-hostellerie.org\/en\/"},{"@type":"ListItem","position":2,"name":"Welcome"}]},{"@type":"WebSite","@id":"https:\/\/bonpasteur-hostellerie.org\/#website","url":"https:\/\/bonpasteur-hostellerie.org\/","name":"","description":"","potentialAction":[{"@type":"SearchAction","target":{"@type":"EntryPoint","urlTemplate":"https:\/\/bonpasteur-hostellerie.org\/?s={search_term_string}"},"query-input":"required name=search_term_string"}],"inLanguage":"en-US"}]}},"_links":{"self":[{"href":"https:\/\/bonpasteur-hostellerie.org\/en\/wp-json\/wp\/v2\/pages\/259"}],"collection":[{"href":"https:\/\/bonpasteur-hostellerie.org\/en\/wp-json\/wp\/v2\/pages"}],"about":[{"href":"https:\/\/bonpasteur-hostellerie.org\/en\/wp-json\/wp\/v2\/types\/page"}],"author":[{"embeddable":true,"href":"https:\/\/bonpasteur-hostellerie.org\/en\/wp-json\/wp\/v2\/users\/2"}],"replies":[{"embeddable":true,"href":"https:\/\/bonpasteur-hostellerie.org\/en\/wp-json\/wp\/v2\/comments?post=259"}],"version-history":[{"count":5,"href":"https:\/\/bonpasteur-hostellerie.org\/en\/wp-json\/wp\/v2\/pages\/259\/revisions"}],"predecessor-version":[{"id":3138,"href":"https:\/\/bonpasteur-hostellerie.org\/en\/wp-json\/wp\/v2\/pages\/259\/revisions\/3138"}],"wp:featuredmedia":[{"embeddable":true,"href":"https:\/\/bonpasteur-hostellerie.org\/en\/wp-json\/wp\/v2\/media\/2580"}],"wp:attachment":[{"href":"https:\/\/bonpasteur-hostellerie.org\/en\/wp-json\/wp\/v2\/media?parent=259"}],"curies":[{"name":"wp","href":"https:\/\/api.w.org\/{rel}","templated":true}]}}