{"id":2907,"date":"2014-04-30T10:12:05","date_gmt":"2014-04-30T09:12:05","guid":{"rendered":"http:\/\/bonpasteur-hostellerie.org\/chambre-d-hotes-angers\/chambres-individuelles\/"},"modified":"2025-04-02T15:07:20","modified_gmt":"2025-04-02T14:07:20","slug":"chambres-individuelles","status":"publish","type":"page","link":"https:\/\/bonpasteur-hostellerie.org\/en\/chambre-d-hotes-angers\/chambres-individuelles\/","title":{"rendered":"PREMIUM ROOMS"},"content":{"rendered":"<h2>High-end comfort for all your needs<\/h2>\n<p data-start=\"92\" data-end=\"315\">Discover our Premium rooms, designed to offer space, accessibility, and comfort to all our visitors. Whether you&#8217;re traveling as a couple, with family, or in a group, our Premium rooms adapt to all situations with elegance.<\/p>\n<p data-start=\"317\" data-end=\"347\"><strong data-start=\"317\" data-end=\"345\">Available Configurations<\/strong><\/p>\n<ul data-start=\"348\" data-end=\"574\">\n<li data-start=\"348\" data-end=\"468\"><strong data-start=\"350\" data-end=\"379\">6 Accessible Triple Rooms<\/strong>:<br data-start=\"380\" data-end=\"383\" \/>Designed to meet accessibility standards, ideal for people with reduced mobility.<\/li>\n<li data-start=\"469\" data-end=\"574\"><strong data-start=\"471\" data-end=\"502\">3 Quadruple\/Quintuple Rooms<\/strong>:<br data-start=\"503\" data-end=\"506\" \/>Perfect for families or small groups, combining space and comfort.<\/li>\n<\/ul>\n<pre><\/pre>\n\n\t\t<style type=\"text\/css\">\n\t\t\t#gallery-1 {\n\t\t\t\tmargin: auto;\n\t\t\t}\n\t\t\t#gallery-1 .gallery-item {\n\t\t\t\tfloat: left;\n\t\t\t\tmargin-top: 10px;\n\t\t\t\ttext-align: center;\n\t\t\t\twidth: 33%;\n\t\t\t}\n\t\t\t#gallery-1 img {\n\t\t\t\tborder: 2px solid #cfcfcf;\n\t\t\t}\n\t\t\t#gallery-1 .gallery-caption {\n\t\t\t\tmargin-left: 0;\n\t\t\t}\n\t\t\t\/* see gallery_shortcode() in wp-includes\/media.php *\/\n\t\t<\/style>\n\t\t<div id='gallery-1' class='gallery galleryid-2907 gallery-columns-3 gallery-size-thumbnail'><dl class='gallery-item'>\n\t\t\t<dt class='gallery-icon landscape'>\n\t\t\t\t<a href='https:\/\/bonpasteur-hostellerie.org\/en\/chambre-d-hotes-angers\/chambres-individuelles\/bph-twin-premium-2\/'><img loading=\"lazy\" decoding=\"async\" width=\"150\" height=\"150\" src=\"https:\/\/bonpasteur-hostellerie.org\/wp-content\/uploads\/2014\/04\/BPH-Twin-Premium-150x150.jpg\" class=\"attachment-thumbnail size-thumbnail\" alt=\"\" \/><\/a>\n\t\t\t<\/dt><\/dl><dl class='gallery-item'>\n\t\t\t<dt class='gallery-icon landscape'>\n\t\t\t\t<a href='https:\/\/bonpasteur-hostellerie.org\/en\/chambre-d-hotes-angers\/chambres-individuelles\/bph-salle-de-bain-vue-chambre-premium-2-2\/'><img loading=\"lazy\" decoding=\"async\" width=\"150\" height=\"150\" src=\"https:\/\/bonpasteur-hostellerie.org\/wp-content\/uploads\/2014\/04\/BPH-salle-de-bain-vue-chambre-Premium1-150x150.jpg\" class=\"attachment-thumbnail size-thumbnail\" alt=\"\" \/><\/a>\n\t\t\t<\/dt><\/dl><dl class='gallery-item'>\n\t\t\t<dt class='gallery-icon landscape'>\n\t\t\t\t<a href='https:\/\/bonpasteur-hostellerie.org\/en\/chambre-d-hotes-angers\/chambres-individuelles\/bph-chambre-accessible-triple-2-2\/'><img loading=\"lazy\" decoding=\"async\" width=\"150\" height=\"150\" src=\"https:\/\/bonpasteur-hostellerie.org\/wp-content\/uploads\/2014\/04\/BPH-Chambre-accessible-triple-2-150x150.jpg\" class=\"attachment-thumbnail size-thumbnail\" alt=\"\" \/><\/a>\n\t\t\t<\/dt><\/dl><br style=\"clear: both\" \/><dl class='gallery-item'>\n\t\t\t<dt class='gallery-icon landscape'>\n\t\t\t\t<a href='https:\/\/bonpasteur-hostellerie.org\/en\/chambre-d-hotes-angers\/chambres-individuelles\/bph-triple-accessible-2\/'><img loading=\"lazy\" decoding=\"async\" width=\"150\" height=\"150\" src=\"https:\/\/bonpasteur-hostellerie.org\/wp-content\/uploads\/2014\/04\/BPH-Triple-accessible-150x150.jpg\" class=\"attachment-thumbnail size-thumbnail\" alt=\"\" \/><\/a>\n\t\t\t<\/dt><\/dl><dl class='gallery-item'>\n\t\t\t<dt class='gallery-icon landscape'>\n\t\t\t\t<a href='https:\/\/bonpasteur-hostellerie.org\/en\/chambre-d-hotes-angers\/chambres-individuelles\/bph-chambre-familiale-premium-2\/'><img loading=\"lazy\" decoding=\"async\" width=\"150\" height=\"150\" src=\"https:\/\/bonpasteur-hostellerie.org\/wp-content\/uploads\/2014\/04\/BPH-chambre-familiale-Premium-150x150.jpg\" class=\"attachment-thumbnail size-thumbnail\" alt=\"\" \/><\/a>\n\t\t\t<\/dt><\/dl><dl class='gallery-item'>\n\t\t\t<dt class='gallery-icon landscape'>\n\t\t\t\t<a href='https:\/\/bonpasteur-hostellerie.org\/en\/chambre-d-hotes-angers\/chambres-individuelles\/bph-chambre-familiale-premium-quintuple-3\/'><img loading=\"lazy\" decoding=\"async\" width=\"150\" height=\"150\" src=\"https:\/\/bonpasteur-hostellerie.org\/wp-content\/uploads\/2014\/04\/BPH-Chambre-familiale-Premium-quintuple-150x150.jpg\" class=\"attachment-thumbnail size-thumbnail\" alt=\"\" \/><\/a>\n\t\t\t<\/dt><\/dl><br style=\"clear: both\" \/><dl class='gallery-item'>\n\t\t\t<dt class='gallery-icon portrait'>\n\t\t\t\t<a href='https:\/\/bonpasteur-hostellerie.org\/en\/chambre-d-hotes-angers\/chambres-individuelles\/img_4396_web-180215-2\/'><img loading=\"lazy\" decoding=\"async\" width=\"150\" height=\"150\" src=\"https:\/\/bonpasteur-hostellerie.org\/wp-content\/uploads\/2014\/04\/IMG_4396_WEB-180215-150x150.jpg\" class=\"attachment-thumbnail size-thumbnail\" alt=\"\" \/><\/a>\n\t\t\t<\/dt><\/dl>\n\t\t\t<br style='clear: both' \/>\n\t\t<\/div>\n\n<pre><\/pre>\n<h3 data-start=\"605\" data-end=\"659\"><strong data-start=\"605\" data-end=\"659\">Accessible Triple Rooms: space and comfort for all<\/strong><\/h3>\n<p data-start=\"661\" data-end=\"801\">Our 6 Accessible Triple Rooms are specially designed to offer a comfortable and functional stay, including for people with reduced mobility.<\/p>\n<p data-start=\"803\" data-end=\"822\"><strong data-start=\"803\" data-end=\"820\">Room Features<\/strong><\/p>\n<ul data-start=\"823\" data-end=\"1030\">\n<li data-start=\"823\" data-end=\"874\">Generous size: 31.50 m\u00b2, ideal for group stays.<\/li>\n<li data-start=\"875\" data-end=\"955\">Comfortable bedding: 3 single beds (90\u00d7190 cm), perfect for a restful night.<\/li>\n<li data-start=\"956\" data-end=\"1030\">Full accessibility: facilities adapted for easy use with a wheelchair.<\/li>\n<\/ul>\n<h3 data-start=\"1188\" data-end=\"1244\"><strong data-start=\"1188\" data-end=\"1244\">Family Rooms: Comfort and space for the whole family<\/strong><\/h3>\n<p data-start=\"1246\" data-end=\"1360\">Ideal for family or group stays, our family rooms combine comfort, space, and modern amenities to meet your needs.<\/p>\n<p data-start=\"1362\" data-end=\"1394\"><strong data-start=\"1362\" data-end=\"1392\">Family Room Configurations<\/strong><\/p>\n<ul data-start=\"1395\" data-end=\"1650\">\n<li data-start=\"1395\" data-end=\"1507\"><strong data-start=\"1397\" data-end=\"1421\">2 rooms for 5 people<\/strong>:\n<ul data-start=\"1427\" data-end=\"1507\">\n<li data-start=\"1427\" data-end=\"1445\">Area: 36.90 m\u00b2<\/li>\n<li data-start=\"1448\" data-end=\"1507\">Bedding: 5 single beds (90\u00d7190 cm) for optimal comfort.<\/li>\n<\/ul>\n<\/li>\n<li data-start=\"1508\" data-end=\"1650\"><strong data-start=\"1510\" data-end=\"1533\">1 room for 4 people<\/strong>:\n<ul data-start=\"1539\" data-end=\"1650\">\n<li data-start=\"1539\" data-end=\"1557\">Area: 36.90 m\u00b2<\/li>\n<li data-start=\"1560\" data-end=\"1650\">Bedding: 2 single beds (90\u00d7190 cm) and 1 double bed, perfect for families with children.<\/li>\n<\/ul>\n<\/li>\n<\/ul>\n<p data-start=\"1652\" data-end=\"1689\"><strong data-start=\"1652\" data-end=\"1687\">Amenities included in each room<\/strong><\/p>\n<ul data-start=\"1690\" data-end=\"1947\">\n<li data-start=\"1690\" data-end=\"1759\">Free Wi-Fi connection, perfect for staying connected as a family.<\/li>\n<li data-start=\"1760\" data-end=\"1798\">Telephone for your communications.<\/li>\n<li data-start=\"1799\" data-end=\"1859\">Pleasant view: garden or city, depending on your choice.<\/li>\n<li data-start=\"1860\" data-end=\"1898\">Television for relaxation moments.<\/li>\n<li data-start=\"1899\" data-end=\"1947\">Non-smoking rooms for a healthy environment.<\/li>\n<\/ul>\n<p data-start=\"1949\" data-end=\"1974\"><strong data-start=\"1949\" data-end=\"1972\">Private shower room<\/strong><\/p>\n<ul data-start=\"1975\" data-end=\"2097\">\n<li data-start=\"1975\" data-end=\"2012\">Italian shower for added comfort.<\/li>\n<li data-start=\"2013\" data-end=\"2052\">Hairdryer and towel dryer provided.<\/li>\n<li data-start=\"2053\" data-end=\"2097\">Individual toilet and shower gel provided.<\/li>\n<\/ul>\n<p data-start=\"2099\" data-end=\"2124\"><strong data-start=\"2099\" data-end=\"2122\">Additional services<\/strong><\/p>\n<ul data-start=\"2125\" data-end=\"2198\">\n<li data-start=\"2125\" data-end=\"2198\">Housekeeping available on request during your stay (additional charge).<\/li>\n<\/ul>\n<p data-start=\"2200\" data-end=\"2331\">Our family rooms guarantee you a pleasant stay, whether you&#8217;re on vacation or on a business trip. Book now for a serene experience!<\/p>\n<h3 data-start=\"2362\" data-end=\"2413\"><strong data-start=\"2362\" data-end=\"2413\">Quote and Booking: Organize your stay with ease<\/strong><\/h3>\n<p data-start=\"2415\" data-end=\"2516\"><strong data-start=\"2415\" data-end=\"2426\">Booking<\/strong><br data-start=\"2426\" data-end=\"2429\" \/>For any booking request, you will receive a written confirmation as soon as possible.<\/p>\n<ul data-start=\"2517\" data-end=\"2700\">\n<li data-start=\"2517\" data-end=\"2591\">Stay of 2 nights or more: 30% deposit required at the time of booking.<\/li>\n<li data-start=\"2592\" data-end=\"2657\">One-night stay: full payment required at the time of booking.<\/li>\n<li data-start=\"2658\" data-end=\"2700\">Tourist tax: \u20ac0.90 per person per night.<\/li>\n<\/ul>\n<p data-start=\"2702\" data-end=\"2726\"><strong data-start=\"2702\" data-end=\"2724\">Special Conditions<\/strong><\/p>\n<ul data-start=\"2727\" data-end=\"2964\">\n<li data-start=\"2727\" data-end=\"2812\">Late arrivals: For arrivals after 8:30 PM, a secure access code will be provided.<\/li>\n<li data-start=\"2813\" data-end=\"2871\">Pets: Animals are not accepted, except for guide dogs.<\/li>\n<li data-start=\"2872\" data-end=\"2964\">On-site restaurant: open daily, by reservation only (reservation required the day before).<\/li>\n<\/ul>\n<p data-start=\"2966\" data-end=\"3015\"><strong data-start=\"2966\" data-end=\"3013\">Good to know: Enjoy our additional services<\/strong><\/p>\n<ul data-start=\"3016\" data-end=\"3287\">\n<li data-start=\"3016\" data-end=\"3083\">Breakfast available by reservation to start your day off right.<\/li>\n<li data-start=\"3084\" data-end=\"3147\">A baby bed can be provided upon request for younger guests.<\/li>\n<li data-start=\"3148\" data-end=\"3198\">On-site dining for tasty and convenient meals.<\/li>\n<li data-start=\"3199\" data-end=\"3251\">Room rental for your private or business events.<\/li>\n<li data-start=\"3252\" data-end=\"3287\">Secure bike storage for cyclists.<\/li>\n<\/ul>\n<p data-start=\"3289\" data-end=\"3315\"><strong data-start=\"3289\" data-end=\"3313\">Access and amenities<\/strong><\/p>\n<ul data-start=\"3316\" data-end=\"3446\">\n<li data-start=\"3316\" data-end=\"3392\">Immediate proximity to the city center and tram stops (Le Quai station).<\/li>\n<li data-start=\"3393\" data-end=\"3446\">Free parking, closed at night for optimal security.<\/li>\n<\/ul>\n<p data-start=\"3448\" data-end=\"3536\">Plan your stay now and enjoy all our services designed for your comfort and tranquility!<\/p>\n<table style=\"width: 50%; margin-right: auto; margin-left: auto;\" cellspacing=\"50\" align=\"center\">\n<tbody>\n<tr style=\"height: 111.563px;\">\n<td style=\"text-align: center; height: 111.563px;\">\n<h2 style=\"text-align: center;\"><span lang=\"EN-GB\" style=\"color: #9a8242;\">Our other bedrooms :<\/span><\/h2>\n<p style=\"text-align: center;\"><span style=\"color: #008000;\"><span style=\"text-decoration: underline;\"><a style=\"color: #008000; text-decoration: underline;\" title=\"Chambre triple\" href=\"\/?page_id=1727\"><strong>COMFO<\/strong><\/a><strong>RT<\/strong><\/span> \u00a0 \u00a0<\/span>ROOMS<\/p>\n<p style=\"text-align: center;\"><a href=\"https:\/\/bonpasteur-hostellerie.org\/en\/\"><span style=\"color: #0000ff;\"><strong><span style=\"color: #333399;\">SUPERIOR<\/span> \u00a0<\/strong><\/span>\u00a0<\/a>ROOMS<\/p>\n<p>&nbsp;<\/td>\n<\/tr>\n<\/tbody>\n<\/table>\n<p style=\"text-align: justify;\">\n<!-- AddThis Advanced Settings generic via filter on the_content -->","protected":false},"excerpt":{"rendered":"<p>High-end comfort for all your needs Discover our Premium rooms, designed to offer space, accessibility, and comfort to all our visitors. Whether you&#8217;re traveling as a couple, with family, [&hellip;]<!-- AddThis Advanced Settings generic via filter on get_the_excerpt --><\/p>\n","protected":false},"author":2,"featured_media":0,"parent":1725,"menu_order":0,"comment_status":"closed","ping_status":"closed","template":"","meta":{"_acf_changed":false,"footnotes":""},"class_list":["post-2907","page","type-page","status-publish","hentry"],"acf":[],"yoast_head":"<!-- This site is optimized with the Yoast SEO plugin v23.2 - https:\/\/yoast.com\/wordpress\/plugins\/seo\/ -->\n<title>L&#039;hostellerie Bon Pasteur : chambre triple \u00e0 Angers<\/title>\n<meta name=\"description\" content=\"R\u00e9servez votre chambre d&#039;h\u00f4te au Bon Pasteur Hostellerie. La r\u00e9sidence h\u00f4teli\u00e8re propose des chambres triples pour des s\u00e9jours en famille.\" \/>\n<meta name=\"robots\" content=\"index, follow, max-snippet:-1, max-image-preview:large, max-video-preview:-1\" \/>\n<link rel=\"canonical\" href=\"https:\/\/bonpasteur-hostellerie.org\/en\/chambre-d-hotes-angers\/chambres-individuelles\/\" \/>\n<meta property=\"og:locale\" content=\"en_US\" \/>\n<meta property=\"og:type\" content=\"article\" \/>\n<meta property=\"og:title\" content=\"L&#039;hostellerie Bon Pasteur : chambre triple \u00e0 Angers\" \/>\n<meta property=\"og:description\" content=\"R\u00e9servez votre chambre d&#039;h\u00f4te au Bon Pasteur Hostellerie. La r\u00e9sidence h\u00f4teli\u00e8re propose des chambres triples pour des s\u00e9jours en famille.\" \/>\n<meta property=\"og:url\" content=\"https:\/\/bonpasteur-hostellerie.org\/en\/chambre-d-hotes-angers\/chambres-individuelles\/\" \/>\n<meta property=\"article:publisher\" content=\"https:\/\/fr-fr.facebook.com\/hostellerie.bonpasteur.angers\/\" \/>\n<meta property=\"article:modified_time\" content=\"2025-04-02T14:07:20+00:00\" \/>\n<meta name=\"twitter:card\" content=\"summary_large_image\" \/>\n<meta name=\"twitter:label1\" content=\"Est. reading time\" \/>\n\t<meta name=\"twitter:data1\" content=\"3 minutes\" \/>\n<script type=\"application\/ld+json\" class=\"yoast-schema-graph\">{\"@context\":\"https:\/\/schema.org\",\"@graph\":[{\"@type\":\"WebPage\",\"@id\":\"https:\/\/bonpasteur-hostellerie.org\/en\/chambre-d-hotes-angers\/chambres-individuelles\/\",\"url\":\"https:\/\/bonpasteur-hostellerie.org\/en\/chambre-d-hotes-angers\/chambres-individuelles\/\",\"name\":\"L'hostellerie Bon Pasteur : chambre triple \u00e0 Angers\",\"isPartOf\":{\"@id\":\"https:\/\/bonpasteur-hostellerie.org\/#website\"},\"datePublished\":\"2014-04-30T09:12:05+00:00\",\"dateModified\":\"2025-04-02T14:07:20+00:00\",\"description\":\"R\u00e9servez votre chambre d'h\u00f4te au Bon Pasteur Hostellerie. La r\u00e9sidence h\u00f4teli\u00e8re propose des chambres triples pour des s\u00e9jours en famille.\",\"breadcrumb\":{\"@id\":\"https:\/\/bonpasteur-hostellerie.org\/en\/chambre-d-hotes-angers\/chambres-individuelles\/#breadcrumb\"},\"inLanguage\":\"en-US\",\"potentialAction\":[{\"@type\":\"ReadAction\",\"target\":[\"https:\/\/bonpasteur-hostellerie.org\/en\/chambre-d-hotes-angers\/chambres-individuelles\/\"]}]},{\"@type\":\"BreadcrumbList\",\"@id\":\"https:\/\/bonpasteur-hostellerie.org\/en\/chambre-d-hotes-angers\/chambres-individuelles\/#breadcrumb\",\"itemListElement\":[{\"@type\":\"ListItem\",\"position\":1,\"name\":\"Accueil\",\"item\":\"https:\/\/bonpasteur-hostellerie.org\/en\/\"},{\"@type\":\"ListItem\",\"position\":2,\"name\":\"THE BEDROOMS\",\"item\":\"https:\/\/bonpasteur-hostellerie.org\/en\/chambre-d-hotes-angers\/\"},{\"@type\":\"ListItem\",\"position\":3,\"name\":\"PREMIUM ROOMS\"}]},{\"@type\":\"WebSite\",\"@id\":\"https:\/\/bonpasteur-hostellerie.org\/#website\",\"url\":\"https:\/\/bonpasteur-hostellerie.org\/\",\"name\":\"\",\"description\":\"\",\"potentialAction\":[{\"@type\":\"SearchAction\",\"target\":{\"@type\":\"EntryPoint\",\"urlTemplate\":\"https:\/\/bonpasteur-hostellerie.org\/?s={search_term_string}\"},\"query-input\":\"required name=search_term_string\"}],\"inLanguage\":\"en-US\"}]}<\/script>\n<!-- \/ Yoast SEO plugin. -->","yoast_head_json":{"title":"L'hostellerie Bon Pasteur : chambre triple \u00e0 Angers","description":"R\u00e9servez votre chambre d'h\u00f4te au Bon Pasteur Hostellerie. La r\u00e9sidence h\u00f4teli\u00e8re propose des chambres triples pour des s\u00e9jours en famille.","robots":{"index":"index","follow":"follow","max-snippet":"max-snippet:-1","max-image-preview":"max-image-preview:large","max-video-preview":"max-video-preview:-1"},"canonical":"https:\/\/bonpasteur-hostellerie.org\/en\/chambre-d-hotes-angers\/chambres-individuelles\/","og_locale":"en_US","og_type":"article","og_title":"L'hostellerie Bon Pasteur : chambre triple \u00e0 Angers","og_description":"R\u00e9servez votre chambre d'h\u00f4te au Bon Pasteur Hostellerie. La r\u00e9sidence h\u00f4teli\u00e8re propose des chambres triples pour des s\u00e9jours en famille.","og_url":"https:\/\/bonpasteur-hostellerie.org\/en\/chambre-d-hotes-angers\/chambres-individuelles\/","article_publisher":"https:\/\/fr-fr.facebook.com\/hostellerie.bonpasteur.angers\/","article_modified_time":"2025-04-02T14:07:20+00:00","twitter_card":"summary_large_image","twitter_misc":{"Est. reading time":"3 minutes"},"schema":{"@context":"https:\/\/schema.org","@graph":[{"@type":"WebPage","@id":"https:\/\/bonpasteur-hostellerie.org\/en\/chambre-d-hotes-angers\/chambres-individuelles\/","url":"https:\/\/bonpasteur-hostellerie.org\/en\/chambre-d-hotes-angers\/chambres-individuelles\/","name":"L'hostellerie Bon Pasteur : chambre triple \u00e0 Angers","isPartOf":{"@id":"https:\/\/bonpasteur-hostellerie.org\/#website"},"datePublished":"2014-04-30T09:12:05+00:00","dateModified":"2025-04-02T14:07:20+00:00","description":"R\u00e9servez votre chambre d'h\u00f4te au Bon Pasteur Hostellerie. La r\u00e9sidence h\u00f4teli\u00e8re propose des chambres triples pour des s\u00e9jours en famille.","breadcrumb":{"@id":"https:\/\/bonpasteur-hostellerie.org\/en\/chambre-d-hotes-angers\/chambres-individuelles\/#breadcrumb"},"inLanguage":"en-US","potentialAction":[{"@type":"ReadAction","target":["https:\/\/bonpasteur-hostellerie.org\/en\/chambre-d-hotes-angers\/chambres-individuelles\/"]}]},{"@type":"BreadcrumbList","@id":"https:\/\/bonpasteur-hostellerie.org\/en\/chambre-d-hotes-angers\/chambres-individuelles\/#breadcrumb","itemListElement":[{"@type":"ListItem","position":1,"name":"Accueil","item":"https:\/\/bonpasteur-hostellerie.org\/en\/"},{"@type":"ListItem","position":2,"name":"THE BEDROOMS","item":"https:\/\/bonpasteur-hostellerie.org\/en\/chambre-d-hotes-angers\/"},{"@type":"ListItem","position":3,"name":"PREMIUM ROOMS"}]},{"@type":"WebSite","@id":"https:\/\/bonpasteur-hostellerie.org\/#website","url":"https:\/\/bonpasteur-hostellerie.org\/","name":"","description":"","potentialAction":[{"@type":"SearchAction","target":{"@type":"EntryPoint","urlTemplate":"https:\/\/bonpasteur-hostellerie.org\/?s={search_term_string}"},"query-input":"required name=search_term_string"}],"inLanguage":"en-US"}]}},"_links":{"self":[{"href":"https:\/\/bonpasteur-hostellerie.org\/en\/wp-json\/wp\/v2\/pages\/2907"}],"collection":[{"href":"https:\/\/bonpasteur-hostellerie.org\/en\/wp-json\/wp\/v2\/pages"}],"about":[{"href":"https:\/\/bonpasteur-hostellerie.org\/en\/wp-json\/wp\/v2\/types\/page"}],"author":[{"embeddable":true,"href":"https:\/\/bonpasteur-hostellerie.org\/en\/wp-json\/wp\/v2\/users\/2"}],"replies":[{"embeddable":true,"href":"https:\/\/bonpasteur-hostellerie.org\/en\/wp-json\/wp\/v2\/comments?post=2907"}],"version-history":[{"count":5,"href":"https:\/\/bonpasteur-hostellerie.org\/en\/wp-json\/wp\/v2\/pages\/2907\/revisions"}],"predecessor-version":[{"id":4433,"href":"https:\/\/bonpasteur-hostellerie.org\/en\/wp-json\/wp\/v2\/pages\/2907\/revisions\/4433"}],"up":[{"embeddable":true,"href":"https:\/\/bonpasteur-hostellerie.org\/en\/wp-json\/wp\/v2\/pages\/1725"}],"wp:attachment":[{"href":"https:\/\/bonpasteur-hostellerie.org\/en\/wp-json\/wp\/v2\/media?parent=2907"}],"curies":[{"name":"wp","href":"https:\/\/api.w.org\/{rel}","templated":true}]}}