{"id":819,"date":"2012-12-18T16:17:00","date_gmt":"2012-12-18T15:17:00","guid":{"rendered":"http:\/\/bonpasteur-hostellerie.org\/mentions-legales-2\/"},"modified":"2014-07-07T15:00:18","modified_gmt":"2014-07-07T14:00:18","slug":"mentions-legales","status":"publish","type":"page","link":"https:\/\/bonpasteur-hostellerie.org\/en\/mentions-legales\/","title":{"rendered":"Mentions l\u00e9gales"},"content":{"rendered":"<h3>Configuration recommand\u00e9e<\/h3>\n<hr \/>\n<ul>\n<li>\n<h4>Navigateurs<\/h4>\n<p>Pour une navigation optimale, nous vous conseillons d&#8217;utiliser :<\/p>\n<p><a title=\"T\u00e9l\u00e9charger Mozilla Firefox ( S'ouvre dans une nouvelle fen\u00eatre )\" href=\"http:\/\/www.mozilla-europe.org\/fr\/\" target=\"_blank\">Mozilla Firefox (PC &amp; Mac)<\/a> ou <a title=\"T\u00e9l\u00e9charger Internet Explorer ( S'ouvre dans une nouvelle fen\u00eatre )\" href=\"http:\/\/www.microsoft.com\/france\/windows\/ie\/default.mspx\" target=\"_blank\">Internet Explorer 8 minimum (PC)<\/a> ou <a title=\"T\u00e9l\u00e9charger Safari ( S'ouvre dans une nouvelle fen\u00eatre )\" href=\"http:\/\/support.apple.com\/kb\/DL1531?viewlocale=fr_FR\" target=\"_blank\">Safari (Mac)<\/a> ou <a href=\"https:\/\/www.google.com\/intl\/fr\/chrome\/browser\/index.html\" target=\"_blank\">Chrome<\/a><\/p>\n<\/li>\n<\/ul>\n<p>&nbsp;<\/p>\n<ul>\n<li>\n<h4>Configuration \u00e9cran<\/h4>\n<p>Pr\u00e9f\u00e9rez un \u00e9cran <strong>param\u00e9tr\u00e9 en milliers de couleurs<\/strong>, avec une r\u00e9solution minimum de <strong>1024&#215;768 pixels<\/strong>.<\/p>\n<\/li>\n<\/ul>\n<hr \/>\n<h3>Mentions L\u00e9gales<\/h3>\n<hr \/>\n<ul>\n<li>\n<h4>Cr\u00e9dits<\/h4>\n<p>Site \u00e9dit\u00e9 par<strong> :<\/strong><br \/>XXX<\/p>\n<p>Adresse postale<\/p>\n<p>CP &#8211; VILLE \u2013 France<\/p>\n<p>N\u00b0 SIREN : 123456789<\/p>\n<p>Tel : +33 (0)2 00 00 00 00<\/p>\n<\/li>\n<\/ul>\n<ul>\n<li>\n<p>Directeur de la publication : <strong>Nom du responsable<\/strong><\/p>\n<p><a title=\"Conception de site internet angers\" href=\"http:\/\/www.net-concept.fr\/contenu\/128\/creation-et-refonte-de-sites-internet.html\" target=\"_blank\">Conception du site internet <\/a> : <strong>NET CONCEPT<\/strong><\/p>\n<p><a title=\"D\u00e9veloppement d'application et de site internet en maine et loire (49)\" href=\"http:\/\/www.net-concept.fr\/contenu\/110\/developpement.html\">D\u00e9veloppement du site Internet <\/a>: <strong>NET CONCEPT<\/strong><\/p>\n<p><a title=\"H\u00e9bergement de site internet d\u00e9di\u00e9 ou mutualis\u00e9 sur Angers (49)\" href=\"http:\/\/www.net-concept.fr\/contenu\/114\/hebergement.html\">H\u00e9bergement du site internet<\/a> : <strong>NET CONCEPT<\/strong><\/p>\n<p>&nbsp;<\/p>\n<p>Pour tout probl\u00e8me de consultation rencontr\u00e9 sur le site merci d&#8217;adresser vos r\u00e9clamations \u00e0 : <strong>contact[@]adresse-site-web.com<\/strong><\/p>\n<\/li>\n<\/ul>\n<ul>\n<li>\n<h4>Exercice du droit d&#8217;acc\u00e8s<\/h4>\n<p>Conform\u00e9ment \u00e0 l&#8217;article 34 de la Loi Informatique et Libert\u00e9s, vous disposez d&#8217;un droit d&#8217;acc\u00e8s, de modification, de rectification et de suppression des donn\u00e9es qui vous concernent. Pour exercer ce droit d&#8217;acc\u00e8s, adressez-vous \u00e0 <strong>contact[@]adresse-site-web.com<\/strong><\/p>\n<\/li>\n<\/ul>\n<!-- AddThis Advanced Settings generic via filter on the_content -->","protected":false},"excerpt":{"rendered":"<p>Configuration recommand\u00e9e Navigateurs Pour une navigation optimale, nous vous conseillons d&#8217;utiliser : Mozilla Firefox (PC &amp; Mac) ou Internet Explorer 8 minimum (PC) ou Safari (Mac) ou Chrome &nbsp; [&hellip;]<!-- AddThis Advanced Settings generic via filter on get_the_excerpt --><\/p>\n","protected":false},"author":2,"featured_media":0,"parent":0,"menu_order":0,"comment_status":"closed","ping_status":"closed","template":"","meta":{"_acf_changed":false,"footnotes":""},"class_list":["post-819","page","type-page","status-publish","hentry"],"acf":[],"yoast_head":"<!-- This site is optimized with the Yoast SEO plugin v23.2 - https:\/\/yoast.com\/wordpress\/plugins\/seo\/ -->\n<title>Mentions l\u00e9gales<\/title>\n<meta name=\"description\" content=\"L&#039;hostellerie Bon Pasteur propose des solutions d&#039;h\u00e9bergement, de restauration et de location de salle pour les particuliers et les professionnels.\" \/>\n<meta name=\"robots\" content=\"index, follow, max-snippet:-1, max-image-preview:large, max-video-preview:-1\" \/>\n<link rel=\"canonical\" href=\"https:\/\/bonpasteur-hostellerie.org\/en\/infos-pratiques\/mentions-legales\/\" \/>\n<meta property=\"og:locale\" content=\"en_US\" \/>\n<meta property=\"og:type\" content=\"article\" \/>\n<meta property=\"og:title\" content=\"Mentions l\u00e9gales\" \/>\n<meta property=\"og:description\" content=\"L&#039;hostellerie Bon Pasteur propose des solutions d&#039;h\u00e9bergement, de restauration et de location de salle pour les particuliers et les professionnels.\" \/>\n<meta property=\"og:url\" content=\"https:\/\/bonpasteur-hostellerie.org\/en\/infos-pratiques\/mentions-legales\/\" \/>\n<meta property=\"article:publisher\" content=\"https:\/\/fr-fr.facebook.com\/hostellerie.bonpasteur.angers\/\" \/>\n<meta property=\"article:modified_time\" content=\"2014-07-07T14:00:18+00:00\" \/>\n<meta name=\"twitter:card\" content=\"summary_large_image\" \/>\n<meta name=\"twitter:label1\" content=\"Est. reading time\" \/>\n\t<meta name=\"twitter:data1\" content=\"1 minute\" \/>\n<script type=\"application\/ld+json\" class=\"yoast-schema-graph\">{\"@context\":\"https:\/\/schema.org\",\"@graph\":[{\"@type\":\"WebPage\",\"@id\":\"https:\/\/bonpasteur-hostellerie.org\/en\/infos-pratiques\/mentions-legales\/\",\"url\":\"https:\/\/bonpasteur-hostellerie.org\/en\/infos-pratiques\/mentions-legales\/\",\"name\":\"Mentions l\u00e9gales\",\"isPartOf\":{\"@id\":\"https:\/\/bonpasteur-hostellerie.org\/#website\"},\"datePublished\":\"2012-12-18T15:17:00+00:00\",\"dateModified\":\"2014-07-07T14:00:18+00:00\",\"description\":\"L'hostellerie Bon Pasteur propose des solutions d'h\u00e9bergement, de restauration et de location de salle pour les particuliers et les professionnels.\",\"breadcrumb\":{\"@id\":\"https:\/\/bonpasteur-hostellerie.org\/en\/infos-pratiques\/mentions-legales\/#breadcrumb\"},\"inLanguage\":\"en-US\",\"potentialAction\":[{\"@type\":\"ReadAction\",\"target\":[\"https:\/\/bonpasteur-hostellerie.org\/en\/infos-pratiques\/mentions-legales\/\"]}]},{\"@type\":\"BreadcrumbList\",\"@id\":\"https:\/\/bonpasteur-hostellerie.org\/en\/infos-pratiques\/mentions-legales\/#breadcrumb\",\"itemListElement\":[{\"@type\":\"ListItem\",\"position\":1,\"name\":\"Accueil\",\"item\":\"https:\/\/bonpasteur-hostellerie.org\/en\/\"},{\"@type\":\"ListItem\",\"position\":2,\"name\":\"Practical information\",\"item\":\"https:\/\/bonpasteur-hostellerie.org\/en\/infos-pratiques\/\"},{\"@type\":\"ListItem\",\"position\":3,\"name\":\"Mentions l\u00e9gales\"}]},{\"@type\":\"WebSite\",\"@id\":\"https:\/\/bonpasteur-hostellerie.org\/#website\",\"url\":\"https:\/\/bonpasteur-hostellerie.org\/\",\"name\":\"\",\"description\":\"\",\"potentialAction\":[{\"@type\":\"SearchAction\",\"target\":{\"@type\":\"EntryPoint\",\"urlTemplate\":\"https:\/\/bonpasteur-hostellerie.org\/?s={search_term_string}\"},\"query-input\":\"required name=search_term_string\"}],\"inLanguage\":\"en-US\"}]}<\/script>\n<!-- \/ Yoast SEO plugin. -->","yoast_head_json":{"title":"Mentions l\u00e9gales","description":"L'hostellerie Bon Pasteur propose des solutions d'h\u00e9bergement, de restauration et de location de salle pour les particuliers et les professionnels.","robots":{"index":"index","follow":"follow","max-snippet":"max-snippet:-1","max-image-preview":"max-image-preview:large","max-video-preview":"max-video-preview:-1"},"canonical":"https:\/\/bonpasteur-hostellerie.org\/en\/infos-pratiques\/mentions-legales\/","og_locale":"en_US","og_type":"article","og_title":"Mentions l\u00e9gales","og_description":"L'hostellerie Bon Pasteur propose des solutions d'h\u00e9bergement, de restauration et de location de salle pour les particuliers et les professionnels.","og_url":"https:\/\/bonpasteur-hostellerie.org\/en\/infos-pratiques\/mentions-legales\/","article_publisher":"https:\/\/fr-fr.facebook.com\/hostellerie.bonpasteur.angers\/","article_modified_time":"2014-07-07T14:00:18+00:00","twitter_card":"summary_large_image","twitter_misc":{"Est. reading time":"1 minute"},"schema":{"@context":"https:\/\/schema.org","@graph":[{"@type":"WebPage","@id":"https:\/\/bonpasteur-hostellerie.org\/en\/infos-pratiques\/mentions-legales\/","url":"https:\/\/bonpasteur-hostellerie.org\/en\/infos-pratiques\/mentions-legales\/","name":"Mentions l\u00e9gales","isPartOf":{"@id":"https:\/\/bonpasteur-hostellerie.org\/#website"},"datePublished":"2012-12-18T15:17:00+00:00","dateModified":"2014-07-07T14:00:18+00:00","description":"L'hostellerie Bon Pasteur propose des solutions d'h\u00e9bergement, de restauration et de location de salle pour les particuliers et les professionnels.","breadcrumb":{"@id":"https:\/\/bonpasteur-hostellerie.org\/en\/infos-pratiques\/mentions-legales\/#breadcrumb"},"inLanguage":"en-US","potentialAction":[{"@type":"ReadAction","target":["https:\/\/bonpasteur-hostellerie.org\/en\/infos-pratiques\/mentions-legales\/"]}]},{"@type":"BreadcrumbList","@id":"https:\/\/bonpasteur-hostellerie.org\/en\/infos-pratiques\/mentions-legales\/#breadcrumb","itemListElement":[{"@type":"ListItem","position":1,"name":"Accueil","item":"https:\/\/bonpasteur-hostellerie.org\/en\/"},{"@type":"ListItem","position":2,"name":"Practical information","item":"https:\/\/bonpasteur-hostellerie.org\/en\/infos-pratiques\/"},{"@type":"ListItem","position":3,"name":"Mentions l\u00e9gales"}]},{"@type":"WebSite","@id":"https:\/\/bonpasteur-hostellerie.org\/#website","url":"https:\/\/bonpasteur-hostellerie.org\/","name":"","description":"","potentialAction":[{"@type":"SearchAction","target":{"@type":"EntryPoint","urlTemplate":"https:\/\/bonpasteur-hostellerie.org\/?s={search_term_string}"},"query-input":"required name=search_term_string"}],"inLanguage":"en-US"}]}},"_links":{"self":[{"href":"https:\/\/bonpasteur-hostellerie.org\/en\/wp-json\/wp\/v2\/pages\/819"}],"collection":[{"href":"https:\/\/bonpasteur-hostellerie.org\/en\/wp-json\/wp\/v2\/pages"}],"about":[{"href":"https:\/\/bonpasteur-hostellerie.org\/en\/wp-json\/wp\/v2\/types\/page"}],"author":[{"embeddable":true,"href":"https:\/\/bonpasteur-hostellerie.org\/en\/wp-json\/wp\/v2\/users\/2"}],"replies":[{"embeddable":true,"href":"https:\/\/bonpasteur-hostellerie.org\/en\/wp-json\/wp\/v2\/comments?post=819"}],"version-history":[{"count":1,"href":"https:\/\/bonpasteur-hostellerie.org\/en\/wp-json\/wp\/v2\/pages\/819\/revisions"}],"predecessor-version":[{"id":820,"href":"https:\/\/bonpasteur-hostellerie.org\/en\/wp-json\/wp\/v2\/pages\/819\/revisions\/820"}],"wp:attachment":[{"href":"https:\/\/bonpasteur-hostellerie.org\/en\/wp-json\/wp\/v2\/media?parent=819"}],"curies":[{"name":"wp","href":"https:\/\/api.w.org\/{rel}","templated":true}]}}